{"id":56577,"date":"2017-11-06T14:47:17","date_gmt":"2017-11-06T14:47:17","guid":{"rendered":"https:\/\/evojob.ch\/?page_id=56577"},"modified":"2025-08-01T07:48:13","modified_gmt":"2025-08-01T07:48:13","slug":"blog","status":"publish","type":"page","link":"https:\/\/evojob.ch\/fr\/blog\/","title":{"rendered":"Blog"},"content":{"rendered":"\n<style type=\"text\/css\" data-created_by=\"avia_inline_auto\" id=\"style-css-av-m8yh1b33-f605f5ea9b15a941ec0cb50ec0058e24\">\n#top .av-special-heading.av-m8yh1b33-f605f5ea9b15a941ec0cb50ec0058e24{\npadding-bottom:10px;\n}\nbody .av-special-heading.av-m8yh1b33-f605f5ea9b15a941ec0cb50ec0058e24 .av-special-heading-tag .heading-char{\nfont-size:25px;\n}\n.av-special-heading.av-m8yh1b33-f605f5ea9b15a941ec0cb50ec0058e24 .av-subheading{\nfont-size:15px;\n}\n<\/style>\n<div id='3d857e8ffa15af892650c85d8e722d98' class='av-special-heading av-m8yh1b33-f605f5ea9b15a941ec0cb50ec0058e24 av-special-heading-h1 blockquote modern-quote avia-builder-el-0 el_before_av_hr avia-builder-el-first '><h1 class='av-special-heading-tag ' itemprop=\"headline\" >Aktuelles \/ Blog<\/h1><div class=\"special-heading-border\"><div class=\"special-heading-inner-border\"><\/div><\/div><\/div>\n\n<style type=\"text\/css\" data-created_by=\"avia_inline_auto\" id=\"style-css-av-23rj07-428956ba05a93953e4146aa6e2101729\">\n#top .hr.av-23rj07-428956ba05a93953e4146aa6e2101729{\nmargin-top:10px;\nmargin-bottom:20px;\n}\n.hr.av-23rj07-428956ba05a93953e4146aa6e2101729 .hr-inner{\nwidth:200px;\nborder-color:#74b94e;\n}\n<\/style>\n<div class='hr av-23rj07-428956ba05a93953e4146aa6e2101729 hr-custom avia-builder-el-1 el_after_av_heading el_before_av_textblock hr-left hr-icon-no'><span class='hr-inner inner-border-av-border-fat'><span class=\"hr-inner-style\"><\/span><\/span><\/div>\n<section class='av_textblock_section av-m8yh51e9-8dc06988cf3d6dc70081837a7d5c708d ' itemscope=\"itemscope\" itemtype=\"https:\/\/schema.org\/CreativeWork\" ><div class='avia_textblock' itemprop=\"text\" ><p>Nous proposons des articles de blog et des actualit\u00e9s sur les derni\u00e8res tendances et \u00e9volutions en mati\u00e8re de recrutement et de recherche de cadres. Nous vous informons sur les strat\u00e9gies innovantes pour attirer et retenir les meilleurs talents et vous donnons de pr\u00e9cieux conseils pour choisir le bon chasseur de t\u00eates. De plus, nous vous parlons de placements r\u00e9ussis et d&rsquo;\u00e9tudes r\u00e9centes qui soulignent l&rsquo;importance des chasseurs de t\u00eates dans le processus de recrutement moderne. Nos contenus s&rsquo;adressent aussi bien aux entreprises qu&rsquo;aux candidats et offrent un aper\u00e7u pr\u00e9cieux du monde du conseil en recrutement.<\/p>\n<\/div><\/section>\n\n<style type=\"text\/css\" data-created_by=\"avia_inline_auto\" id=\"style-css-av-m8yherw7-ba5c6b24483f6882fef4de0855179066\">\n#top .hr.hr-invisible.av-m8yherw7-ba5c6b24483f6882fef4de0855179066{\nheight:30px;\n}\n<\/style>\n<div class='hr av-m8yherw7-ba5c6b24483f6882fef4de0855179066 hr-invisible avia-builder-el-3 el_after_av_textblock el_before_av_blog2 '><span class='hr-inner '><span class=\"hr-inner-style\"><\/span><\/span><\/div>\n<div class='av-alb-blogposts template-blog ' itemscope=\"itemscope\" itemtype=\"https:\/\/schema.org\/Blog\" ><article class=\"post-entry post-entry-type-standard post-entry-59060 post-loop-1 post-parity-odd 3366 with-slider post-59060 post type-post status-publish format-standard has-post-thumbnail hentry category-employe category-employeur tag-conseiller tag-entretiens-en-ligne tag-headhunter-fr tag-marche-du-travail tag-penurie-de-competences tag-processus-de-recrutement tag-recherche tag-recrutement tag-rekrutierung\" itemscope=\"itemscope\" itemtype=\"https:\/\/schema.org\/BlogPosting\" ><div class=\"flex_column av_one_third halfstory flex_column_div first avia-builder-el- el_before_av_one_third avia-builder-el-first\">\n <div class=\"avia-image-container av-styling- avia-builder-el-1 avia-builder-el-no-sibling avia-align-center \" itemprop=\"image\" itemscope=\"itemscope\" itemtype=\"https:\/\/schema.org\/ImageObject\">\n <div class=\"avia-image-container-inner\">\n <div class=\"avia-image-overlay-wrap\">\n <a href=\"https:\/\/evojob.ch\/fr\/2021\/05\/entretien-en-ligne-reussi\/\">\n <img decoding=\"async\" class=\"avia_image\" src=\"https:\/\/evojob.ch\/wp-content\/uploads\/2021\/05\/Vorstellungsgespraech-online-1024x683.jpeg\" alt=\"\" title=\"Virtual Job Interview Webcast Using Online Video Conference\" style=\"width:1200px;max-width:100%;\" itemprop=\"thumbnailUrl\">\n <\/a>\n <div style='position: absolute;bottom: 8px;left: 0;color: #000000;font-size: 12px;font-size: 0.75rem;line-height: 1.5;border-radius: 0 0.1875rem 0 0;overflow: hidden;display: -moz-flex;display: flex;flex-wrap: wrap;'>\n <div style=\"color:black;background-color:white;-moz-flex: 0 0 auto;flex: 0 0 auto;padding: 0.25rem 0.65rem;z-index: 1;\" class=\"grlist-item cat-154\">Employ\u00e9<\/div><div style=\"color:black;background-color:white;border-left:1px solid grey;-moz-flex: 0 0 auto;flex: 0 0 auto;padding: 0.25rem 0.65rem;z-index: 1;\" class=\"grlist-item cat-153\">Employeur<\/div>\n <\/div>\n <\/div>\n <\/div>\n <\/div>\n <\/div><div class=\"flex_column av_two_third halfstory flex_column_div avia-builder-el-2 el_after_av_two_third avia-builder-el-last \">\n <div style=\"height:20px\" class=\"hr hr-invisible av-desktop-hide avia-builder-el-4\"><span class=\"hr-inner \"><span class=\"hr-inner-style\"><\/span><\/span><\/div>\n <div style=\"padding-bottom:10px; \" class=\"av-special-heading av-special-heading-h2 blockquote modern-quote avia-builder-el-5 avia-builder-el-no-sibling av-linked-heading \">\n <h2 class=\"av-special-heading-tag \" itemprop=\"headline\"><a href=\"https:\/\/evojob.ch\/fr\/2021\/05\/entretien-en-ligne-reussi\/\">Un entretien en ligne r\u00e9ussi gr\u00e2ce \u00e0 une bonne pr\u00e9paration<\/a><\/h2><div class=\"av-subheading av-subheading_below \" style=\"font-size:16px;\">\n <time class=\"date-container minor-meta updated\" >mai 27, 2021<\/time>\n <\/div><div style=\"clear:both;\"><p>Chez EVOJOB, nous utilisons TEAMS de Microsoft pour les entretiens en ligne et pour apprendre \u00e0 conna\u00eetre nos candidats. L&rsquo;entretien ind\u00e9pendant du lieu pr\u00e9sente des avantages et des inconv\u00e9nients tant pour le recruteur que pour le candidat. Dans cet article, nous montrons les pi\u00e8ges possibles pour les candidats. <\/p>\n<\/div><div class='avia-button-wrap av-av_button-ad83c306997d2f1acf37924312d97767-wrap avia-button-left '><a href='https:\/\/evojob.ch\/fr\/2021\/05\/entretien-en-ligne-reussi\/' class='avia-button av-av_button-ad83c306997d2f1acf37924312d97767 av-link-btn avia-icon_select-no avia-size-medium avia-position-left avia-color-theme-color' aria-label=\"Un entretien en ligne r\u00e9ussi gr\u00e2ce \u00e0 une bonne pr\u00e9paration Lire la suite\"><span class='avia_iconbox_title' >Lire la suite<\/span><\/a><\/div>\n <\/div>\n <\/div>\n <div style=\"height:30px\" class=\"hr hr-invisible avia-builder-el-6\"><span class=\"hr-inner \"><span class=\"hr-inner-style\"><\/span><\/span><\/div><span class='hidden'>\n <span class='av-structured-data' itemprop=\"image\" itemscope=\"itemscope\" itemtype=\"https:\/\/schema.org\/ImageObject\" >\n <span itemprop='url'>https:\/\/evojob.ch\/wp-content\/uploads\/2021\/05\/Vorstellungsgespraech-online.jpeg<\/span>\n <span itemprop='height'>1707<\/span>\n <span itemprop='width'>2560<\/span>\n <\/span>\n <span class='av-structured-data' itemprop=\"publisher\" itemtype=\"https:\/\/schema.org\/Organization\" itemscope=\"itemscope\" >\n <span itemprop='name'>Sonja Keller<\/span>\n <span itemprop='logo' itemscope itemtype='https:\/\/schema.org\/ImageObject'>\n <span itemprop='url'>https:\/\/evojob.ch\/wp-content\/uploads\/2025\/03\/evojob-vertrauen-verbindet-menschen-logo.jpg<\/span>\n <\/span>\n <\/span><span class='av-structured-data' itemprop=\"author\" itemscope=\"itemscope\" itemtype=\"https:\/\/schema.org\/Person\" ><span itemprop='name'>Sonja Keller<\/span><\/span><span class='av-structured-data' itemprop=\"datePublished\" datetime=\"2021-05-27T07:01:23+00:00\" >2021-05-27 07:01:23<\/span><span class='av-structured-data' itemprop=\"dateModified\" itemtype=\"https:\/\/schema.org\/dateModified\" >2021-07-02 07:53:19<\/span><span class='av-structured-data' itemprop=\"mainEntityOfPage\" itemtype=\"https:\/\/schema.org\/mainEntityOfPage\" ><span itemprop='name'>Un entretien en ligne r\u00e9ussi gr\u00e2ce \u00e0 une bonne pr\u00e9paration<\/span><\/span><\/span><\/article><article class=\"post-entry post-entry-type-standard post-entry-59144 post-loop-2 post-parity-even 3366 with-slider post-59144 post type-post status-publish format-standard has-post-thumbnail hentry category-employe tag-processus-de-recrutement tag-recherche\" itemscope=\"itemscope\" itemtype=\"https:\/\/schema.org\/BlogPosting\" ><div class=\"flex_column av_one_third halfstory flex_column_div first avia-builder-el-6 el_before_av_one_third avia-builder-el-first\">\n <div class=\"avia-image-container av-styling- avia-builder-el-7 avia-builder-el-no-sibling avia-align-center \" itemprop=\"image\" itemscope=\"itemscope\" itemtype=\"https:\/\/schema.org\/ImageObject\">\n <div class=\"avia-image-container-inner\">\n <div class=\"avia-image-overlay-wrap\">\n <a href=\"https:\/\/evojob.ch\/fr\/2020\/11\/linkedin-pour-le-recrutement\/\">\n <img decoding=\"async\" class=\"avia_image\" src=\"https:\/\/evojob.ch\/wp-content\/uploads\/2021\/07\/Emploi-de-reve-1024x683.jpg\" alt=\"\" title=\"La pertinence de LinkedIn pour le recrutement de personnel\" style=\"width:1200px;max-width:100%;\" itemprop=\"thumbnailUrl\">\n <\/a>\n <div style='position: absolute;bottom: 8px;left: 0;color: #000000;font-size: 12px;font-size: 0.75rem;line-height: 1.5;border-radius: 0 0.1875rem 0 0;overflow: hidden;display: -moz-flex;display: flex;flex-wrap: wrap;'>\n <div style=\"color:black;background-color:white;-moz-flex: 0 0 auto;flex: 0 0 auto;padding: 0.25rem 0.65rem;z-index: 1;\" class=\"grlist-item cat-154\">Employ\u00e9<\/div>\n <\/div>\n <\/div>\n <\/div>\n <\/div>\n <\/div><div class=\"flex_column av_two_third halfstory flex_column_div avia-builder-el-8 el_after_av_two_third avia-builder-el-last \">\n <div style=\"height:20px\" class=\"hr hr-invisible av-desktop-hide avia-builder-el-10\"><span class=\"hr-inner \"><span class=\"hr-inner-style\"><\/span><\/span><\/div>\n <div style=\"padding-bottom:10px; \" class=\"av-special-heading av-special-heading-h2 blockquote modern-quote avia-builder-el-11 avia-builder-el-no-sibling av-linked-heading \">\n <h2 class=\"av-special-heading-tag \" itemprop=\"headline\"><a href=\"https:\/\/evojob.ch\/fr\/2020\/11\/linkedin-pour-le-recrutement\/\">La pertinence de LinkedIn pour le recrutement de personnel<\/a><\/h2><div class=\"av-subheading av-subheading_below \" style=\"font-size:16px;\">\n <time class=\"date-container minor-meta updated\" >novembre 23, 2020<\/time>\n <\/div><div style=\"clear:both;\"><p>Pour les sp\u00e9cialistes et les cadres qualifi\u00e9s, la question se pose de plus en plus : dois-je rechercher activement un nouvel emploi ou me laisser trouver ? Dans les deux cas, le r\u00e9seaux professionnel LinkedIn est un outil important pour atteindre des objectifs personnels.<\/p>\n<\/div><div class='avia-button-wrap av-av_button-21ddb0814bbc110813d4b036ec654598-wrap avia-button-left '><a href='https:\/\/evojob.ch\/fr\/2020\/11\/linkedin-pour-le-recrutement\/' class='avia-button av-av_button-21ddb0814bbc110813d4b036ec654598 av-link-btn avia-icon_select-no avia-size-medium avia-position-left avia-color-theme-color' aria-label=\"La pertinence de LinkedIn pour le recrutement de personnel Lire la suite\"><span class='avia_iconbox_title' >Lire la suite<\/span><\/a><\/div>\n <\/div>\n <\/div>\n <div style=\"height:30px\" class=\"hr hr-invisible avia-builder-el-12\"><span class=\"hr-inner \"><span class=\"hr-inner-style\"><\/span><\/span><\/div><span class='hidden'>\n <span class='av-structured-data' itemprop=\"image\" itemscope=\"itemscope\" itemtype=\"https:\/\/schema.org\/ImageObject\" >\n <span itemprop='url'>https:\/\/evojob.ch\/wp-content\/uploads\/2021\/07\/Emploi-de-reve.jpg<\/span>\n <span itemprop='height'>1280<\/span>\n <span itemprop='width'>1920<\/span>\n <\/span>\n <span class='av-structured-data' itemprop=\"publisher\" itemtype=\"https:\/\/schema.org\/Organization\" itemscope=\"itemscope\" >\n <span itemprop='name'>Sonja Keller<\/span>\n <span itemprop='logo' itemscope itemtype='https:\/\/schema.org\/ImageObject'>\n <span itemprop='url'>https:\/\/evojob.ch\/wp-content\/uploads\/2025\/03\/evojob-vertrauen-verbindet-menschen-logo.jpg<\/span>\n <\/span>\n <\/span><span class='av-structured-data' itemprop=\"author\" itemscope=\"itemscope\" itemtype=\"https:\/\/schema.org\/Person\" ><span itemprop='name'>Sonja Keller<\/span><\/span><span class='av-structured-data' itemprop=\"datePublished\" datetime=\"2020-11-23T12:15:30+00:00\" >2020-11-23 12:15:30<\/span><span class='av-structured-data' itemprop=\"dateModified\" itemtype=\"https:\/\/schema.org\/dateModified\" >2021-07-02 12:29:49<\/span><span class='av-structured-data' itemprop=\"mainEntityOfPage\" itemtype=\"https:\/\/schema.org\/mainEntityOfPage\" ><span itemprop='name'>La pertinence de LinkedIn pour le recrutement de personnel<\/span><\/span><\/span><\/article><article class=\"post-entry post-entry-type-standard post-entry-59112 post-loop-3 post-parity-odd 3366 with-slider post-59112 post type-post status-publish format-standard has-post-thumbnail hentry category-apropos-evojob category-employe category-employeur category-references tag-conseiller tag-emplois tag-headhunter-fr tag-jobs-fr-2 tag-offre tag-recherche tag-stelleninserat\" itemscope=\"itemscope\" itemtype=\"https:\/\/schema.org\/BlogPosting\" ><div class=\"flex_column av_one_third halfstory flex_column_div first avia-builder-el-12 el_before_av_one_third avia-builder-el-first\">\n <div class=\"avia-image-container av-styling- avia-builder-el-13 avia-builder-el-no-sibling avia-align-center \" itemprop=\"image\" itemscope=\"itemscope\" itemtype=\"https:\/\/schema.org\/ImageObject\">\n <div class=\"avia-image-container-inner\">\n <div class=\"avia-image-overlay-wrap\">\n <a href=\"https:\/\/evojob.ch\/fr\/2020\/09\/recrutement-pour-kessel-suisse\/\">\n <img decoding=\"async\" class=\"avia_image\" src=\"https:\/\/evojob.ch\/wp-content\/uploads\/2020\/11\/Martin-Zenklusen-und-Stefan-Zahm-Interview--1024x768.jpg\" alt=\"\" title=\"Plus qu&rsquo;une simple agence de placement\" style=\"width:1200px;max-width:100%;\" itemprop=\"thumbnailUrl\">\n <\/a>\n <div style='position: absolute;bottom: 8px;left: 0;color: #000000;font-size: 12px;font-size: 0.75rem;line-height: 1.5;border-radius: 0 0.1875rem 0 0;overflow: hidden;display: -moz-flex;display: flex;flex-wrap: wrap;'>\n <div style=\"color:black;background-color:white;-moz-flex: 0 0 auto;flex: 0 0 auto;padding: 0.25rem 0.65rem;z-index: 1;\" class=\"grlist-item cat-155\">A propos d'Evojob<\/div><div style=\"color:black;background-color:white;border-left:1px solid grey;-moz-flex: 0 0 auto;flex: 0 0 auto;padding: 0.25rem 0.65rem;z-index: 1;\" class=\"grlist-item cat-154\">Employ\u00e9<\/div><div style=\"color:black;background-color:white;border-left:1px solid grey;-moz-flex: 0 0 auto;flex: 0 0 auto;padding: 0.25rem 0.65rem;z-index: 1;\" class=\"grlist-item cat-153\">Employeur<\/div><div style=\"color:black;background-color:white;border-left:1px solid grey;-moz-flex: 0 0 auto;flex: 0 0 auto;padding: 0.25rem 0.65rem;z-index: 1;\" class=\"grlist-item cat-156\">R\u00e9f\u00e9rences<\/div>\n <\/div>\n <\/div>\n <\/div>\n <\/div>\n <\/div><div class=\"flex_column av_two_third halfstory flex_column_div avia-builder-el-14 el_after_av_two_third avia-builder-el-last \">\n <div style=\"height:20px\" class=\"hr hr-invisible av-desktop-hide avia-builder-el-16\"><span class=\"hr-inner \"><span class=\"hr-inner-style\"><\/span><\/span><\/div>\n <div style=\"padding-bottom:10px; \" class=\"av-special-heading av-special-heading-h2 blockquote modern-quote avia-builder-el-17 avia-builder-el-no-sibling av-linked-heading \">\n <h2 class=\"av-special-heading-tag \" itemprop=\"headline\"><a href=\"https:\/\/evojob.ch\/fr\/2020\/09\/recrutement-pour-kessel-suisse\/\">Plus qu&rsquo;une simple agence de placement<\/a><\/h2><div class=\"av-subheading av-subheading_below \" style=\"font-size:16px;\">\n <time class=\"date-container minor-meta updated\" >septembre 30, 2020<\/time>\n <\/div><div style=\"clear:both;\"><p>Le directeur g\u00e9n\u00e9ral de Kessel Suisse SA, Stefan Zahm, dans une interview avec Simon Eberhard, r\u00e9dacteur en chef du magazine sp\u00e9cialis\u00e9 Haustech.<\/p>\n<\/div><div class='avia-button-wrap av-av_button-29e3fbd3b12b6cfb6c7cf758e5944d3e-wrap avia-button-left '><a href='https:\/\/evojob.ch\/fr\/2020\/09\/recrutement-pour-kessel-suisse\/' class='avia-button av-av_button-29e3fbd3b12b6cfb6c7cf758e5944d3e av-link-btn avia-icon_select-no avia-size-medium avia-position-left avia-color-theme-color' aria-label=\"Plus qu&rsquo;une simple agence de placement Lire la suite\"><span class='avia_iconbox_title' >Lire la suite<\/span><\/a><\/div>\n <\/div>\n <\/div>\n <div style=\"height:30px\" class=\"hr hr-invisible avia-builder-el-18\"><span class=\"hr-inner \"><span class=\"hr-inner-style\"><\/span><\/span><\/div><span class='hidden'>\n <span class='av-structured-data' itemprop=\"image\" itemscope=\"itemscope\" itemtype=\"https:\/\/schema.org\/ImageObject\" >\n <span itemprop='url'>https:\/\/evojob.ch\/wp-content\/uploads\/2020\/11\/Martin-Zenklusen-und-Stefan-Zahm-Interview-.jpg<\/span>\n <span itemprop='height'>900<\/span>\n <span itemprop='width'>1200<\/span>\n <\/span>\n <span class='av-structured-data' itemprop=\"publisher\" itemtype=\"https:\/\/schema.org\/Organization\" itemscope=\"itemscope\" >\n <span itemprop='name'>Sonja Keller<\/span>\n <span itemprop='logo' itemscope itemtype='https:\/\/schema.org\/ImageObject'>\n <span itemprop='url'>https:\/\/evojob.ch\/wp-content\/uploads\/2025\/03\/evojob-vertrauen-verbindet-menschen-logo.jpg<\/span>\n <\/span>\n <\/span><span class='av-structured-data' itemprop=\"author\" itemscope=\"itemscope\" itemtype=\"https:\/\/schema.org\/Person\" ><span itemprop='name'>Sonja Keller<\/span><\/span><span class='av-structured-data' itemprop=\"datePublished\" datetime=\"2020-09-30T12:30:44+00:00\" >2020-09-30 12:30:44<\/span><span class='av-structured-data' itemprop=\"dateModified\" itemtype=\"https:\/\/schema.org\/dateModified\" >2021-07-02 07:59:36<\/span><span class='av-structured-data' itemprop=\"mainEntityOfPage\" itemtype=\"https:\/\/schema.org\/mainEntityOfPage\" ><span itemprop='name'>Plus qu&rsquo;une simple agence de placement<\/span><\/span><\/span><\/article><article class=\"post-entry post-entry-type-standard post-entry-59030 post-loop-4 post-parity-even post-entry-last 3366 with-slider post-59030 post type-post status-publish format-standard has-post-thumbnail hentry category-apropos-evojob category-employeur category-references tag-conseiller tag-headhunter-fr tag-processus-de-recrutement\" itemscope=\"itemscope\" itemtype=\"https:\/\/schema.org\/BlogPosting\" ><div class=\"flex_column av_one_third halfstory flex_column_div first avia-builder-el-18 el_before_av_one_third avia-builder-el-first\">\n <div class=\"avia-image-container av-styling- avia-builder-el-19 avia-builder-el-no-sibling avia-align-center \" itemprop=\"image\" itemscope=\"itemscope\" itemtype=\"https:\/\/schema.org\/ImageObject\">\n <div class=\"avia-image-container-inner\">\n <div class=\"avia-image-overlay-wrap\">\n <a href=\"https:\/\/evojob.ch\/fr\/2018\/11\/nous-cherchons-et-trouvons-des-candidats-dans-toute-la-suisse\/\">\n <img decoding=\"async\" class=\"avia_image\" src=\"https:\/\/evojob.ch\/wp-content\/uploads\/2021\/06\/Fotolia_124717564_Subscription_Monthly_XXL-1024x683.jpg\" alt=\"\" title=\"808699\" style=\"width:1200px;max-width:100%;\" itemprop=\"thumbnailUrl\">\n <\/a>\n <div style='position: absolute;bottom: 8px;left: 0;color: #000000;font-size: 12px;font-size: 0.75rem;line-height: 1.5;border-radius: 0 0.1875rem 0 0;overflow: hidden;display: -moz-flex;display: flex;flex-wrap: wrap;'>\n <div style=\"color:black;background-color:white;-moz-flex: 0 0 auto;flex: 0 0 auto;padding: 0.25rem 0.65rem;z-index: 1;\" class=\"grlist-item cat-155\">A propos d'Evojob<\/div><div style=\"color:black;background-color:white;border-left:1px solid grey;-moz-flex: 0 0 auto;flex: 0 0 auto;padding: 0.25rem 0.65rem;z-index: 1;\" class=\"grlist-item cat-153\">Employeur<\/div><div style=\"color:black;background-color:white;border-left:1px solid grey;-moz-flex: 0 0 auto;flex: 0 0 auto;padding: 0.25rem 0.65rem;z-index: 1;\" class=\"grlist-item cat-156\">R\u00e9f\u00e9rences<\/div>\n <\/div>\n <\/div>\n <\/div>\n <\/div>\n <\/div><div class=\"flex_column av_two_third halfstory flex_column_div avia-builder-el-20 el_after_av_two_third avia-builder-el-last \">\n <div style=\"height:20px\" class=\"hr hr-invisible av-desktop-hide avia-builder-el-22\"><span class=\"hr-inner \"><span class=\"hr-inner-style\"><\/span><\/span><\/div>\n <div style=\"padding-bottom:10px; \" class=\"av-special-heading av-special-heading-h2 blockquote modern-quote avia-builder-el-23 avia-builder-el-no-sibling av-linked-heading \">\n <h2 class=\"av-special-heading-tag \" itemprop=\"headline\"><a href=\"https:\/\/evojob.ch\/fr\/2018\/11\/nous-cherchons-et-trouvons-des-candidats-dans-toute-la-suisse\/\">Nous cherchons et trouvons des candidats dans toute la Suisse<\/a><\/h2><div class=\"av-subheading av-subheading_below \" style=\"font-size:16px;\">\n <time class=\"date-container minor-meta updated\" >novembre 12, 2018<\/time>\n <\/div><div style=\"clear:both;\"><p>Avez-vous des difficult\u00e9s \u00e0 trouver des collaborateurs qui r\u00e9pondent \u00e0 vos exigences et \u00e0 pourvoir les postes ouverts chez vous? Dans ce cas, nous sommes des interlocuteurs comp\u00e9tents. Nous vous assistons volontiers.<\/p>\n<\/div><div class='avia-button-wrap av-av_button-0280c9aef3ccab7ecda9f8e6f944a015-wrap avia-button-left '><a href='https:\/\/evojob.ch\/fr\/2018\/11\/nous-cherchons-et-trouvons-des-candidats-dans-toute-la-suisse\/' class='avia-button av-av_button-0280c9aef3ccab7ecda9f8e6f944a015 av-link-btn avia-icon_select-no avia-size-medium avia-position-left avia-color-theme-color' aria-label=\"Nous cherchons et trouvons des candidats dans toute la Suisse Lire la suite\"><span class='avia_iconbox_title' >Lire la suite<\/span><\/a><\/div>\n <\/div>\n <\/div>\n <div style=\"height:30px\" class=\"hr hr-invisible avia-builder-el-24\"><span class=\"hr-inner \"><span class=\"hr-inner-style\"><\/span><\/span><\/div><span class='hidden'>\n <span class='av-structured-data' itemprop=\"image\" itemscope=\"itemscope\" itemtype=\"https:\/\/schema.org\/ImageObject\" >\n <span itemprop='url'>https:\/\/evojob.ch\/wp-content\/uploads\/2021\/06\/Fotolia_124717564_Subscription_Monthly_XXL-scaled.jpg<\/span>\n <span itemprop='height'>1707<\/span>\n <span itemprop='width'>2560<\/span>\n <\/span>\n <span class='av-structured-data' itemprop=\"publisher\" itemtype=\"https:\/\/schema.org\/Organization\" itemscope=\"itemscope\" >\n <span itemprop='name'>Stefan<\/span>\n <span itemprop='logo' itemscope itemtype='https:\/\/schema.org\/ImageObject'>\n <span itemprop='url'>https:\/\/evojob.ch\/wp-content\/uploads\/2025\/03\/evojob-vertrauen-verbindet-menschen-logo.jpg<\/span>\n <\/span>\n <\/span><span class='av-structured-data' itemprop=\"author\" itemscope=\"itemscope\" itemtype=\"https:\/\/schema.org\/Person\" ><span itemprop='name'>Stefan<\/span><\/span><span class='av-structured-data' itemprop=\"datePublished\" datetime=\"2018-11-12T09:16:24+00:00\" >2018-11-12 09:16:24<\/span><span class='av-structured-data' itemprop=\"dateModified\" itemtype=\"https:\/\/schema.org\/dateModified\" >2021-07-02 08:00:25<\/span><span class='av-structured-data' itemprop=\"mainEntityOfPage\" itemtype=\"https:\/\/schema.org\/mainEntityOfPage\" ><span itemprop='name'>Nous cherchons et trouvons des candidats dans toute la Suisse<\/span><\/span><\/span><\/article><div class='3366'><\/div><\/div>\n","protected":false},"excerpt":{"rendered":"","protected":false},"author":8,"featured_media":0,"parent":0,"menu_order":24,"comment_status":"closed","ping_status":"closed","template":"","meta":{"_acf_changed":false,"footnotes":""},"class_list":["post-56577","page","type-page","status-publish","hentry"],"acf":[],"_links":{"self":[{"href":"https:\/\/evojob.ch\/fr\/wp-json\/wp\/v2\/pages\/56577","targetHints":{"allow":["GET"]}}],"collection":[{"href":"https:\/\/evojob.ch\/fr\/wp-json\/wp\/v2\/pages"}],"about":[{"href":"https:\/\/evojob.ch\/fr\/wp-json\/wp\/v2\/types\/page"}],"author":[{"embeddable":true,"href":"https:\/\/evojob.ch\/fr\/wp-json\/wp\/v2\/users\/8"}],"replies":[{"embeddable":true,"href":"https:\/\/evojob.ch\/fr\/wp-json\/wp\/v2\/comments?post=56577"}],"version-history":[{"count":7,"href":"https:\/\/evojob.ch\/fr\/wp-json\/wp\/v2\/pages\/56577\/revisions"}],"predecessor-version":[{"id":63470,"href":"https:\/\/evojob.ch\/fr\/wp-json\/wp\/v2\/pages\/56577\/revisions\/63470"}],"wp:attachment":[{"href":"https:\/\/evojob.ch\/fr\/wp-json\/wp\/v2\/media?parent=56577"}],"curies":[{"name":"wp","href":"https:\/\/api.w.org\/{rel}","templated":true}]}}