{"id":55599,"date":"2017-02-17T14:36:52","date_gmt":"2017-02-17T14:36:52","guid":{"rendered":"https:\/\/evojob.ch\/?page_id=55599"},"modified":"2025-08-04T08:50:38","modified_gmt":"2025-08-04T08:50:38","slug":"contact","status":"publish","type":"page","link":"https:\/\/evojob.ch\/fr\/contact\/","title":{"rendered":"Contact"},"content":{"rendered":"\n<style type=\"text\/css\" data-created_by=\"avia_inline_auto\" id=\"style-css-av-m8fw2yws-52f39bdf0c62b47d8f932d0196c6bd60\">\n#top .av-special-heading.av-m8fw2yws-52f39bdf0c62b47d8f932d0196c6bd60{\npadding-bottom:10px;\n}\nbody .av-special-heading.av-m8fw2yws-52f39bdf0c62b47d8f932d0196c6bd60 .av-special-heading-tag .heading-char{\nfont-size:25px;\n}\n.av-special-heading.av-m8fw2yws-52f39bdf0c62b47d8f932d0196c6bd60 .av-subheading{\nfont-size:15px;\n}\n<\/style>\n<div id='4b1ebfa0162cf23482796a0ac88f22da' class='av-special-heading av-m8fw2yws-52f39bdf0c62b47d8f932d0196c6bd60 av-special-heading-h1 blockquote modern-quote avia-builder-el-0 el_before_av_hr avia-builder-el-first '><h1 class='av-special-heading-tag ' itemprop=\"headline\" >Martin Zenklusen, chasseur de t\u00eates, directeur g\u00e9n\u00e9ral<\/h1><div class=\"special-heading-border\"><div class=\"special-heading-inner-border\"><\/div><\/div><\/div>\n\n<style type=\"text\/css\" data-created_by=\"avia_inline_auto\" id=\"style-css-av-mi1ezm-edd5150befd636d645e8f968b32a553f\">\n#top .hr.av-mi1ezm-edd5150befd636d645e8f968b32a553f{\nmargin-top:10px;\nmargin-bottom:20px;\n}\n.hr.av-mi1ezm-edd5150befd636d645e8f968b32a553f .hr-inner{\nwidth:200px;\nborder-color:#74b94e;\n}\n<\/style>\n<div class='hr av-mi1ezm-edd5150befd636d645e8f968b32a553f hr-custom avia-builder-el-1 el_after_av_heading el_before_av_one_half hr-left hr-icon-no'><span class='hr-inner inner-border-av-border-fat'><span class=\"hr-inner-style\"><\/span><\/span><\/div>\n\n<style type=\"text\/css\" data-created_by=\"avia_inline_auto\" id=\"style-css-av-2g5oale-de8463cae57591950d2a61192a88c6e7\">\n.flex_column.av-2g5oale-de8463cae57591950d2a61192a88c6e7{\nborder-radius:0px 0px 0px 0px;\npadding:0px 0px 0px 0px;\n}\n<\/style>\n<div class='flex_column av-2g5oale-de8463cae57591950d2a61192a88c6e7 av_one_half avia-builder-el-2 el_after_av_hr el_before_av_one_half first flex_column_div av-zero-column-padding ' ><section class='av_textblock_section av-m8fw3kt0-8bb0866cb1404324ed59f16afdfedfb7 ' itemscope=\"itemscope\" itemtype=\"https:\/\/schema.org\/CreativeWork\" ><div class='avia_textblock' itemprop=\"text\" ><ul>\n<li>Propri\u00e9taire et directeur g\u00e9n\u00e9ral d&rsquo;EVOJOB GmbH<\/li>\n<li>Actif dans le conseil en recrutement depuis 2014, plus de 200 recrutements r\u00e9ussis<\/li>\n<li>Exp\u00e9rience de direction en tant que CEO, directeur g\u00e9n\u00e9ral et directeur des ventes<\/li>\n<li>Executive MBA Universit\u00e9 de Zurich, directeur des ventes, planificateur marketing<\/li>\n<li>Consultant INSIGHTS MDI\u00ae accr\u00e9dit\u00e9 avec certification Master, formation Coachingplus<\/li>\n<li>Expert aux examens pour les professionnels du marketing et de la vente depuis de nombreuses ann\u00e9es et membre du comit\u00e9 central de Swiss Marketing<\/li>\n<li>Membre de conseils d&rsquo;administration<\/li>\n<li>Langues parl\u00e9es : Allemand, anglais, fran\u00e7ais<\/li>\n<\/ul>\n<\/div><\/section><br \/>\n<section class='av_textblock_section av-uvu1j6-c176b0b080659d73c5caa9bfa178493a ' itemscope=\"itemscope\" itemtype=\"https:\/\/schema.org\/CreativeWork\" ><div class='avia_textblock' itemprop=\"text\" ><h3>Exp\u00e9rience des mandats dans les groupes cibles suivants :<\/h3>\n<ul>\n<li>Direction, cadres, sp\u00e9cialistes, gestionnaires, vente, marketing, technique<\/li>\n<li>Second-\u0153uvre, industrie, commerce<\/li>\n<li>Sanitaire, chauffage, ventilation, climatisation, froid, solaire, \u00e9lectricit\u00e9, \u00e9nergie, syst\u00e8mes de tuyauterie, pompes, robinetterie, mat\u00e9riaux de construction, quincaillerie, outillage, bois, syst\u00e8mes de fermeture, chimie, mati\u00e8res plastiques, technologie environnementale, m\u00e9trologie, &#8230;<\/li>\n<\/ul>\n<\/div><\/section><\/p><\/div>\n\n<style type=\"text\/css\" data-created_by=\"avia_inline_auto\" id=\"style-css-av-2vd6ihu-07b79f39912dae35d0b9ef195ea96c57\">\n.flex_column.av-2vd6ihu-07b79f39912dae35d0b9ef195ea96c57{\nborder-radius:0px 0px 0px 0px;\npadding:0px 0px 0px 0px;\n}\n<\/style>\n<div class='flex_column av-2vd6ihu-07b79f39912dae35d0b9ef195ea96c57 av_one_half avia-builder-el-5 el_after_av_one_half el_before_av_one_full flex_column_div av-zero-column-padding ' ><p>\n<style type=\"text\/css\" data-created_by=\"avia_inline_auto\" id=\"style-css-av-m8fw69be-77473ea0898eb651e27aca222cc8f8bd\">\n.avia-image-container.av-m8fw69be-77473ea0898eb651e27aca222cc8f8bd img.avia_image{\nbox-shadow:none;\n}\n.avia-image-container.av-m8fw69be-77473ea0898eb651e27aca222cc8f8bd .av-image-caption-overlay-center{\ncolor:#ffffff;\n}\n<\/style>\n<div class='avia-image-container av-m8fw69be-77473ea0898eb651e27aca222cc8f8bd av-styling- avia-align-center avia-builder-el-6 el_before_av_buttonrow avia-builder-el-first ' itemprop=\"image\" itemscope=\"itemscope\" itemtype=\"https:\/\/schema.org\/ImageObject\" ><div class=\"avia-image-container-inner\"><div class=\"avia-image-overlay-wrap\"><img decoding=\"async\" fetchpriority=\"high\" class='wp-image-62896 avia-img-lazy-loading-not-62896 avia_image ' src=\"https:\/\/evojob.ch\/wp-content\/uploads\/2025\/04\/Martin-Zenklusen-Evojob-Personal.jpg\" alt='' title='Martin-Zenklusen-Evojob-Personal' height=\"954\" width=\"1430\" itemprop=\"thumbnailUrl\" srcset=\"https:\/\/evojob.ch\/wp-content\/uploads\/2025\/04\/Martin-Zenklusen-Evojob-Personal.jpg 1430w, https:\/\/evojob.ch\/wp-content\/uploads\/2025\/04\/Martin-Zenklusen-Evojob-Personal-300x200.jpg 300w, https:\/\/evojob.ch\/wp-content\/uploads\/2025\/04\/Martin-Zenklusen-Evojob-Personal-1030x687.jpg 1030w, https:\/\/evojob.ch\/wp-content\/uploads\/2025\/04\/Martin-Zenklusen-Evojob-Personal-768x512.jpg 768w, https:\/\/evojob.ch\/wp-content\/uploads\/2025\/04\/Martin-Zenklusen-Evojob-Personal-705x470.jpg 705w\" sizes=\"(max-width: 1430px) 100vw, 1430px\" \/><\/div><\/div><\/div><br \/>\n<div class='avia-buttonrow-wrap av-m8yic5dq-ec0456ea9018d2c36e2707da5c74944a avia-buttonrow-left avia-builder-el-7 el_after_av_image el_before_av_buttonrow '>\n\n<style type=\"text\/css\" data-created_by=\"avia_inline_auto\" id=\"style-css-av-ioburm-1babb5d89b30d60e14dd46ec6af39762\">\n#top #wrap_all .avia-button.av-ioburm-1babb5d89b30d60e14dd46ec6af39762{\nmargin-bottom:5px;\nmargin-right:5px;\n}\n<\/style>\n<a href='mailto:martin.zenklusen@evojob.ch' class='avia-button av-ioburm-1babb5d89b30d60e14dd46ec6af39762 avia-icon_select-yes-left-icon avia-size-medium avia-color-theme-color' aria-label=\"martin.zenklusen@evojob.ch\"><span class='avia_button_icon avia_button_icon_left avia-svg-icon avia-font-svg_entypo-fontello' data-av_svg_icon='mail' data-av_iconset='svg_entypo-fontello'><svg version=\"1.1\" xmlns=\"http:\/\/www.w3.org\/2000\/svg\" width=\"29\" height=\"32\" viewBox=\"0 0 29 32\" preserveAspectRatio=\"xMidYMid meet\" aria-labelledby='av-svg-title-1' aria-describedby='av-svg-desc-1' role=\"graphics-symbol\">\n<title id='av-svg-title-1'>Mail<\/title>\n<desc id='av-svg-desc-1'>Mail<\/desc>\n<path d=\"M0.96 8.448q-1.024-0.576-0.896-1.28 0.064-0.448 0.832-0.448h27.072q1.216 0 0.64 1.024-0.256 0.448-0.768 0.704-0.448 0.192-6.144 3.264t-5.824 3.136q-0.512 0.32-1.472 0.32-0.896 0-1.472-0.32-0.128-0.064-5.824-3.136t-6.144-3.264zM28.16 11.648q0.64-0.32 0.64 0.32v11.776q0 0.512-0.544 1.024t-1.056 0.512h-25.6q-0.512 0-1.056-0.512t-0.544-1.024v-11.776q0-0.64 0.64-0.32l12.288 6.4q0.576 0.32 1.472 0.32t1.472-0.32z\"><\/path>\n<\/svg><\/span><span class='avia_iconbox_title' >martin.zenklusen@evojob.ch<\/span><\/a>\n\n<style type=\"text\/css\" data-created_by=\"avia_inline_auto\" id=\"style-css-av-m8yibgrt-af1d819e87eb351b8f5ce6f8528a9396\">\n#top #wrap_all .avia-button.av-m8yibgrt-af1d819e87eb351b8f5ce6f8528a9396{\nmargin-bottom:5px;\nmargin-right:5px;\n}\n<\/style>\n<a href='tel:+41 79 430 37 45' class='avia-button av-m8yibgrt-af1d819e87eb351b8f5ce6f8528a9396 avia-icon_select-yes-left-icon avia-size-medium avia-color-theme-color' aria-label=\"+41 79 430 37 45\"><span class='avia_button_icon avia_button_icon_left avia-svg-icon avia-font-svg_entypo-fontello' data-av_svg_icon='phone' data-av_iconset='svg_entypo-fontello'><svg version=\"1.1\" xmlns=\"http:\/\/www.w3.org\/2000\/svg\" width=\"26\" height=\"32\" viewBox=\"0 0 26 32\" preserveAspectRatio=\"xMidYMid meet\" aria-labelledby='av-svg-title-2' aria-describedby='av-svg-desc-2' role=\"graphics-symbol\">\n<title id='av-svg-title-2'>Phone<\/title>\n<desc id='av-svg-desc-2'>Phone<\/desc>\n<path d=\"M14.752 17.92q5.184-5.184 3.776-6.592l-0.256-0.256q-0.96-0.96-1.312-1.536t-0.128-1.728 1.568-2.816q0.64-0.768 1.184-1.248t1.12-0.512 0.96-0.032 0.928 0.416 0.768 0.576 0.832 0.8 0.672 0.704q1.536 1.536-0.192 6.208t-6.528 9.408q-4.8 4.8-9.44 6.56t-6.176 0.224q-0.064-0.064-0.736-0.704t-0.8-0.8-0.576-0.768-0.416-0.992 0.064-0.96 0.48-1.12 1.216-1.184q1.344-1.088 2.24-1.504t1.728-0.064 1.12 0.576 1.248 1.184q1.408 1.408 6.656-3.84z\"><\/path>\n<\/svg><\/span><span class='avia_iconbox_title' >+41 79 430 37 45<\/span><\/a>\n\n<style type=\"text\/css\" data-created_by=\"avia_inline_auto\" id=\"style-css-av-m8yic4sd-59cb3b030c4f5caf3812de515ea2e1b0\">\n#top #wrap_all .avia-button.av-m8yic4sd-59cb3b030c4f5caf3812de515ea2e1b0{\nmargin-bottom:5px;\nmargin-right:5px;\n}\n<\/style>\n<a href='https:\/\/wa.me\/41794303745' class='avia-button av-m8yic4sd-59cb3b030c4f5caf3812de515ea2e1b0 avia-icon_select-yes-left-icon avia-size-medium avia-color-theme-color' target=\"_blank\" rel=\"noopener noreferrer\" aria-label=\"WhatsApp\"><span class='avia_button_icon avia_button_icon_left avia-svg-icon avia-font-svg_entypo-fontello' data-av_svg_icon='whatsapp' data-av_iconset='svg_entypo-fontello'><svg version=\"1.1\" xmlns=\"http:\/\/www.w3.org\/2000\/svg\" width=\"27\" height=\"32\" viewBox=\"0 0 27 32\" preserveAspectRatio=\"xMidYMid meet\" aria-labelledby='av-svg-title-3' aria-describedby='av-svg-desc-3' role=\"graphics-symbol\">\n<title id='av-svg-title-3'>Whatsapp<\/title>\n<desc id='av-svg-desc-3'>Whatsapp<\/desc>\n<path d=\"M17.6 17.376q0.224 0 1.728 0.8t1.6 0.96q0.032 0.064 0.032 0.256 0 0.576-0.288 1.344-0.288 0.704-1.28 1.184t-1.824 0.48q-1.024 0-3.392-1.12-1.76-0.8-3.040-2.112t-2.624-3.296q-1.312-1.92-1.28-3.456v-0.16q0.064-1.6 1.312-2.816 0.448-0.384 0.928-0.384 0.128 0 0.32 0.032t0.352 0.032q0.352 0 0.48 0.096t0.256 0.512q0.16 0.352 0.608 1.568t0.448 1.312q0 0.384-0.608 1.056t-0.64 0.832q0 0.096 0.096 0.256 0.608 1.312 1.824 2.432 0.992 0.96 2.688 1.824 0.224 0.128 0.416 0.128 0.256 0 0.96-0.864t0.928-0.896zM13.952 26.848q2.272 0 4.352-0.896t3.584-2.368 2.4-3.584 0.896-4.352-0.896-4.352-2.4-3.584-3.584-2.4-4.352-0.896-4.32 0.896-3.584 2.4-2.4 3.584-0.896 4.352q0 3.616 2.144 6.56l-1.408 4.16 4.32-1.376q2.816 1.856 6.144 1.856zM13.952 2.176q2.752 0 5.248 1.088t4.288 2.848 2.88 4.32 1.056 5.216-1.056 5.216-2.88 4.288-4.288 2.88-5.248 1.088q-3.456 0-6.496-1.696l-7.456 2.4 2.432-7.232q-1.92-3.168-1.92-6.944 0-2.752 1.056-5.216t2.88-4.32 4.288-2.848 5.216-1.088z\"><\/path>\n<\/svg><\/span><span class='avia_iconbox_title' >WhatsApp<\/span><\/a>\n<\/div><br \/>\n<div class='avia-buttonrow-wrap av-m9qxi5gc-84ddfb2d2200c9df7631d82ad395fabd avia-buttonrow-left avia-builder-el-8 el_after_av_buttonrow avia-builder-el-last '>\n\n<style type=\"text\/css\" data-created_by=\"avia_inline_auto\" id=\"style-css-av-11nn1r6-d90c5da6144ad66565393f1b265f3949\">\n#top #wrap_all .avia-button.av-11nn1r6-d90c5da6144ad66565393f1b265f3949{\nmargin-bottom:5px;\nmargin-right:5px;\n}\n<\/style>\n<a href='https:\/\/www.linkedin.com\/in\/martin-zenklusen\/' class='avia-button av-11nn1r6-d90c5da6144ad66565393f1b265f3949 avia-icon_select-yes-left-icon avia-size-medium avia-color-theme-color' target=\"_blank\" rel=\"noopener noreferrer\" aria-label=\"Linkedin\"><span class='avia_button_icon avia_button_icon_left avia-svg-icon avia-font-svg_entypo-fontello' data-av_svg_icon='linkedin' data-av_iconset='svg_entypo-fontello'><svg version=\"1.1\" xmlns=\"http:\/\/www.w3.org\/2000\/svg\" width=\"29\" height=\"32\" viewBox=\"0 0 29 32\" preserveAspectRatio=\"xMidYMid meet\" aria-labelledby='av-svg-title-4' aria-describedby='av-svg-desc-4' role=\"graphics-symbol\">\n<title id='av-svg-title-4'>Linkedin<\/title>\n<desc id='av-svg-desc-4'>Linkedin<\/desc>\n<path d=\"M6.528 4.864q0 1.28-0.928 2.176t-2.4 0.896q-1.408 0-2.304-0.896t-0.896-2.176q0-1.344 0.896-2.208t2.368-0.864 2.336 0.864 0.928 2.208zM0.192 30.144v-19.776h6.144v19.776h-6.144zM9.984 16.704q0-2.752-0.128-6.336h5.312l0.32 2.752h0.128q1.92-3.2 6.080-3.2 3.2 0 5.152 2.144t1.952 6.368v11.712h-6.144v-10.944q0-4.288-3.136-4.288-2.24 0-3.136 2.304-0.192 0.384-0.192 1.536v11.392h-6.208v-13.44z\"><\/path>\n<\/svg><\/span><span class='avia_iconbox_title' >Linkedin<\/span><\/a>\n\n<style type=\"text\/css\" data-created_by=\"avia_inline_auto\" id=\"style-css-av-vrkg2q-327e0bdcacb08405392fe4cfc163edf1\">\n#top #wrap_all .avia-button.av-vrkg2q-327e0bdcacb08405392fe4cfc163edf1{\nmargin-bottom:5px;\nmargin-right:5px;\n}\n<\/style>\n<a href='https:\/\/evojob.ch\/Martin_Zenklusen.vcf' class='avia-button av-vrkg2q-327e0bdcacb08405392fe4cfc163edf1 avia-icon_select-yes-left-icon avia-size-medium avia-color-theme-color' target=\"_blank\" rel=\"noopener noreferrer\" aria-label=\"VCard\"><span class='avia_button_icon avia_button_icon_left avia-svg-icon avia-font-svg_entypo-fontello' data-av_svg_icon='vcard' data-av_iconset='svg_entypo-fontello'><svg version=\"1.1\" xmlns=\"http:\/\/www.w3.org\/2000\/svg\" width=\"32\" height=\"32\" viewBox=\"0 0 32 32\" preserveAspectRatio=\"xMidYMid meet\" aria-labelledby='av-svg-title-5' aria-describedby='av-svg-desc-5' role=\"graphics-symbol\">\n<title id='av-svg-title-5'>Vcard<\/title>\n<desc id='av-svg-desc-5'>Vcard<\/desc>\n<path d=\"M28.8 3.2q1.344 0 2.272 0.928t0.928 2.272v19.2q0 1.28-0.928 2.24t-2.272 0.96h-25.6q-1.28 0-2.24-0.96t-0.96-2.24v-19.2q0-1.344 0.96-2.272t2.24-0.928h25.6zM28.8 25.6v-19.2h-25.6v19.2h25.6zM14.4 19.328v2.88h-8v-2.88h8zM14.4 14.528v2.88h-8v-2.88h8zM14.4 9.728v2.88h-8v-2.88h8zM25.472 19.968l0.128 2.24h-8q0-2.24 0.192-2.24 2.688-0.704 2.688-2.112 0-0.512-0.864-1.792t-0.864-2.816q0-3.52 2.88-3.52t2.88 3.52q0 1.536-0.896 2.816t-0.896 1.792q0 0.64 0.672 1.152t1.376 0.704z\"><\/path>\n<\/svg><\/span><span class='avia_iconbox_title' >VCard<\/span><\/a>\n<\/div><\/p><\/div>\n<div class='flex_column av-wgxig2-b03878c938774d04b3de1d596efd89cf av_one_full avia-builder-el-9 el_after_av_one_half el_before_av_section avia-builder-el-last first flex_column_div column-top-margin' ><p>\n<style type=\"text\/css\" data-created_by=\"avia_inline_auto\" id=\"style-css-av-m9qxg438-44257693b8fd020c617f9490aa30228d\">\n#top .av-special-heading.av-m9qxg438-44257693b8fd020c617f9490aa30228d{\npadding-bottom:10px;\n}\nbody .av-special-heading.av-m9qxg438-44257693b8fd020c617f9490aa30228d .av-special-heading-tag .heading-char{\nfont-size:25px;\n}\n.av-special-heading.av-m9qxg438-44257693b8fd020c617f9490aa30228d .av-subheading{\nfont-size:15px;\n}\n<\/style>\n<div id='fe1c30a6d8212ede6dd39bfd260cd27a' class='av-special-heading av-m9qxg438-44257693b8fd020c617f9490aa30228d av-special-heading-h2 blockquote modern-quote avia-builder-el-10 el_before_av_hr avia-builder-el-first '><h2 class='av-special-heading-tag ' itemprop=\"headline\" >Ce que les clients appr\u00e9cient chez EVOJOB<\/h2><div class=\"special-heading-border\"><div class=\"special-heading-inner-border\"><\/div><\/div><\/div><br \/>\n\n<style type=\"text\/css\" data-created_by=\"avia_inline_auto\" id=\"style-css-av-m9qxhf42-e2586dca96be17a29d08dee5018306d5\">\n#top .hr.hr-invisible.av-m9qxhf42-e2586dca96be17a29d08dee5018306d5{\nheight:30px;\n}\n<\/style>\n<div class='hr av-m9qxhf42-e2586dca96be17a29d08dee5018306d5 hr-invisible avia-builder-el-11 el_after_av_heading el_before_av_textblock '><span class='hr-inner '><span class=\"hr-inner-style\"><\/span><\/span><\/div><br \/>\n<section class='av_textblock_section av-m98ii02f-4e89bc05e0229049cfab6debbe68daf1 ' itemscope=\"itemscope\" itemtype=\"https:\/\/schema.org\/CreativeWork\" ><div class='avia_textblock' itemprop=\"text\" ><ul>\n<li>Conseil et assistance comp\u00e9tents et personnalis\u00e9s, \u00e9laboration de bases de d\u00e9cision<\/li>\n<li>Exp\u00e9rience, vaste r\u00e9seau de relations, connaissance des secteurs et des march\u00e9s<\/li>\n<li>Approche professionnelle, connaissances en marketing et en SEO<\/li>\n<li>Un seul interlocuteur, un seul fournisseur<\/li>\n<li>Gain de temps, nous soulageons les RH et les responsables hi\u00e9rarchiques<\/li>\n<li>Sur la base du profil d&rsquo;exigences discut\u00e9, nous effectuons une pr\u00e9s\u00e9lection et pr\u00e9sentons les meilleurs candidats.<\/li>\n<li>Un plus grand et meilleur choix de candidats, nous recherchons dans tous les canaux<\/li>\n<li>Discr\u00e9tion, si vous le souhaitez, nous recherchons sous couvert<\/li>\n<li>Acc\u00e8s en ligne \u00e0 la base de donn\u00e9es EVOJOB, processus num\u00e9riques all\u00e9g\u00e9s<\/li>\n<li>Nous pourvoyons g\u00e9n\u00e9ralement les postes difficiles en 2-3 mois<\/li>\n<li>Num\u00e9rique, flexible et rapide<\/li>\n<\/ul>\n<\/div><\/section><\/p><\/div><\/div><\/div><\/div><!-- close content main div --><\/div><\/div><div id='av_section_1' class='avia-section av-m9qxb7br-2abb1e53ca3ad587a0902035b8c2e8a3 alternate_color avia-section-default avia-no-border-styling avia-builder-el-13 el_after_av_one_full avia-builder-el-last avia-bg-style-scroll container_wrap fullsize' ><div class='container av-section-cont-open' ><div class='template-page content av-content-full alpha units'><div class='post-entry post-entry-type-page post-entry-55599'><div class='entry-content-wrapper clearfix'>\n\n<style type=\"text\/css\" data-created_by=\"avia_inline_auto\" id=\"style-css-av-2jnrwiq-1c4617ede744184722359a26d339cfe6\">\n.flex_column.av-2jnrwiq-1c4617ede744184722359a26d339cfe6{\nborder-radius:0px 0px 0px 0px;\npadding:0px 0px 0px 0px;\n}\n<\/style>\n<div class='flex_column av-2jnrwiq-1c4617ede744184722359a26d339cfe6 av_one_half avia-builder-el-14 el_before_av_one_half avia-builder-el-first first flex_column_div av-zero-column-padding ' ><section class='av_textblock_section av-m8y7ghgw-b039e1bb2a4a52d96d2f1fb8364e5d20 ' itemscope=\"itemscope\" itemtype=\"https:\/\/schema.org\/CreativeWork\" ><div class='avia_textblock' itemprop=\"text\" ><h3>\u00c0 propos de nous<\/h3>\n<p>Nous avons plus de 10 ans d&rsquo;exp\u00e9rience dans le conseil en recrutement et la chasse de t\u00eates. Nous avons en commun l&rsquo;int\u00e9r\u00eat pour les personnes. Nous sommes des conseillers en recrutement exp\u00e9riment\u00e9s avec une exp\u00e9rience de direction et connaissons diff\u00e9rents secteurs, le paysage de la formation, le march\u00e9 du travail. Nous disposons d&rsquo;un vaste r\u00e9seau et recherchons de mani\u00e8re cibl\u00e9e des solutions durables pour les clients et les candidats.<\/p>\n<h3>Valeurs<\/h3>\n<p>Notre succ\u00e8s repose sur le professionnalisme, la fiabilit\u00e9 et la confiance. Nous attachons une grande importance \u00e0 la discr\u00e9tion et \u00e0 la confidentialit\u00e9, nous pla\u00e7ons les personnes au centre de nos r\u00e9flexions et de nos actions. Notre objectif est de trouver des solutions durables, nous r\u00e9unissons ce qui va ensemble !<\/p>\n<h3>Vision<\/h3>\n<p>Nous sommes un petit r\u00e9seau de recruteurs professionnels et de chasseurs de t\u00eates. Nous sommes attentifs aux souhaits de nos clients. Nous nous int\u00e9ressons de pr\u00e8s aux exigences d&rsquo;un poste et aux objectifs, souhaits et comp\u00e9tences des candidats. Nous sommes mobiles, agiles, travaillons dans toute la Suisse et avons des processus num\u00e9riques l\u00e9gers et nous nous d\u00e9veloppons en permanence.<\/p>\n<\/div><\/section><\/div>\n<style type=\"text\/css\" data-created_by=\"avia_inline_auto\" id=\"style-css-av-sp2e76-2f45704f7a5bd1a5958276cdad632299\">\n.flex_column.av-sp2e76-2f45704f7a5bd1a5958276cdad632299{\nborder-radius:0px 0px 0px 0px;\npadding:0px 0px 0px 0px;\n}\n<\/style>\n<div class='flex_column av-sp2e76-2f45704f7a5bd1a5958276cdad632299 av_one_half avia-builder-el-16 el_after_av_one_half avia-builder-el-last flex_column_div av-zero-column-padding ' ><p>\n<style type=\"text\/css\" data-created_by=\"avia_inline_auto\" id=\"style-css-av-si7wqq-1aa9246a7924ec3190c2a283700fbf59\">\n#top .hr.hr-invisible.av-si7wqq-1aa9246a7924ec3190c2a283700fbf59{\nheight:50px;\n}\n<\/style>\n<div class='hr av-si7wqq-1aa9246a7924ec3190c2a283700fbf59 hr-invisible avia-builder-el-17 el_before_av_image avia-builder-el-first '><span class='hr-inner '><span class=\"hr-inner-style\"><\/span><\/span><\/div><br \/>\n\n<style type=\"text\/css\" data-created_by=\"avia_inline_auto\" id=\"style-css-av-m9qxl8of-79ca1f2702dc25eb6f08069306c87499\">\n.avia-image-container.av-m9qxl8of-79ca1f2702dc25eb6f08069306c87499 img.avia_image{\nbox-shadow:none;\n}\n.avia-image-container.av-m9qxl8of-79ca1f2702dc25eb6f08069306c87499 .av-image-caption-overlay-center{\ncolor:#ffffff;\n}\n<\/style>\n<div class='avia-image-container av-m9qxl8of-79ca1f2702dc25eb6f08069306c87499 av-styling- avia-align-center avia-builder-el-18 el_after_av_hr avia-builder-el-last ' itemprop=\"image\" itemscope=\"itemscope\" itemtype=\"https:\/\/schema.org\/ImageObject\" ><div class=\"avia-image-container-inner\"><div class=\"avia-image-overlay-wrap\"><img decoding=\"async\" fetchpriority=\"high\" class='wp-image-59631 avia-img-lazy-loading-not-59631 avia_image ' src=\"https:\/\/evojob.ch\/wp-content\/uploads\/2021\/12\/Evojob-Headhunter.jpg\" alt='' title='Evojob-Headhunter' height=\"765\" width=\"1200\" itemprop=\"thumbnailUrl\" srcset=\"https:\/\/evojob.ch\/wp-content\/uploads\/2021\/12\/Evojob-Headhunter.jpg 1200w, https:\/\/evojob.ch\/wp-content\/uploads\/2021\/12\/Evojob-Headhunter-300x191.jpg 300w, https:\/\/evojob.ch\/wp-content\/uploads\/2021\/12\/Evojob-Headhunter-1024x653.jpg 1024w, https:\/\/evojob.ch\/wp-content\/uploads\/2021\/12\/Evojob-Headhunter-768x490.jpg 768w\" sizes=\"(max-width: 1200px) 100vw, 1200px\" \/><\/div><\/div><\/div><\/p><\/div>\n<\/p>\n","protected":false},"excerpt":{"rendered":"","protected":false},"author":6,"featured_media":0,"parent":0,"menu_order":31,"comment_status":"closed","ping_status":"closed","template":"","meta":{"_acf_changed":false,"footnotes":""},"class_list":["post-55599","page","type-page","status-publish","hentry"],"acf":[],"_links":{"self":[{"href":"https:\/\/evojob.ch\/fr\/wp-json\/wp\/v2\/pages\/55599","targetHints":{"allow":["GET"]}}],"collection":[{"href":"https:\/\/evojob.ch\/fr\/wp-json\/wp\/v2\/pages"}],"about":[{"href":"https:\/\/evojob.ch\/fr\/wp-json\/wp\/v2\/types\/page"}],"author":[{"embeddable":true,"href":"https:\/\/evojob.ch\/fr\/wp-json\/wp\/v2\/users\/6"}],"replies":[{"embeddable":true,"href":"https:\/\/evojob.ch\/fr\/wp-json\/wp\/v2\/comments?post=55599"}],"version-history":[{"count":30,"href":"https:\/\/evojob.ch\/fr\/wp-json\/wp\/v2\/pages\/55599\/revisions"}],"predecessor-version":[{"id":63592,"href":"https:\/\/evojob.ch\/fr\/wp-json\/wp\/v2\/pages\/55599\/revisions\/63592"}],"wp:attachment":[{"href":"https:\/\/evojob.ch\/fr\/wp-json\/wp\/v2\/media?parent=55599"}],"curies":[{"name":"wp","href":"https:\/\/api.w.org\/{rel}","templated":true}]}}