{"id":55596,"date":"2017-01-31T16:12:31","date_gmt":"2017-01-31T16:12:31","guid":{"rendered":"https:\/\/evojob.ch\/?page_id=55596"},"modified":"2025-08-04T07:40:29","modified_gmt":"2025-08-04T07:40:29","slug":"jobs","status":"publish","type":"page","link":"https:\/\/evojob.ch\/fr\/jobs\/","title":{"rendered":"Jobs"},"content":{"rendered":"\n<style type=\"text\/css\" data-created_by=\"avia_inline_auto\" id=\"style-css-av-m8iu85ug-6fe6882e3a0cda70b5d215540d66a720\">\n#top .av-special-heading.av-m8iu85ug-6fe6882e3a0cda70b5d215540d66a720{\npadding-bottom:10px;\n}\nbody .av-special-heading.av-m8iu85ug-6fe6882e3a0cda70b5d215540d66a720 .av-special-heading-tag .heading-char{\nfont-size:25px;\n}\n.av-special-heading.av-m8iu85ug-6fe6882e3a0cda70b5d215540d66a720 .av-subheading{\nfont-size:24px;\n}\n<\/style>\n<div id='81f7b98dcf0a6772319e505491aac36c' class='av-special-heading av-m8iu85ug-6fe6882e3a0cda70b5d215540d66a720 av-special-heading-h1 blockquote modern-quote avia-builder-el-0 el_before_av_hr avia-builder-el-first '><h1 class='av-special-heading-tag ' itemprop=\"headline\" >Offres d'emploi actuelles<\/h1><div class=\"special-heading-border\"><div class=\"special-heading-inner-border\"><\/div><\/div><\/div>\n\n<style type=\"text\/css\" data-created_by=\"avia_inline_auto\" id=\"style-css-av-1c149gt-862431b3549835b645c701b9f1db7c01\">\n#top .hr.av-1c149gt-862431b3549835b645c701b9f1db7c01{\nmargin-top:10px;\nmargin-bottom:20px;\n}\n.hr.av-1c149gt-862431b3549835b645c701b9f1db7c01 .hr-inner{\nwidth:200px;\nborder-color:#74b94e;\n}\n<\/style>\n<div class='hr av-1c149gt-862431b3549835b645c701b9f1db7c01 hr-custom avia-builder-el-1 el_after_av_heading el_before_av_textblock hr-left hr-icon-no'><span class='hr-inner inner-border-av-border-fat'><span class=\"hr-inner-style\"><\/span><\/span><\/div>\n<section class='av_textblock_section av-m98j5zzg-7e340da46697813f4bf9fe20895fd729 ' itemscope=\"itemscope\" itemtype=\"https:\/\/schema.org\/CreativeWork\" ><div class='avia_textblock' itemprop=\"text\" ><p>Tous les postes vacants pour lesquels nous recherchons actuellement des candidats ad\u00e9quats sont indiqu\u00e9s ici.<\/p>\n<\/div><\/section>\n\n<\/div><\/div><\/div><!-- close content main div --><\/div><\/div>\n<style type=\"text\/css\" data-created_by=\"avia_inline_auto\" id=\"style-css-av-qpfy25-143c6294add650f1f0966a2e9e308ef7\">\n.avia-section.av-qpfy25-143c6294add650f1f0966a2e9e308ef7{\nbackground-color:#74b94e;\nbackground-image:unset;\n}\n<\/style>\n<div id='av_section_1' class='avia-section av-qpfy25-143c6294add650f1f0966a2e9e308ef7 main_color avia-section-small avia-no-border-styling avia-builder-el-4 el_after_av_codeblock el_before_av_section usp avia-bg-style-scroll container_wrap fullsize' ><div class='container av-section-cont-open' ><div class='template-page content av-content-full alpha units'><div class='post-entry post-entry-type-page post-entry-55596'><div class='entry-content-wrapper clearfix'>\n\n<style type=\"text\/css\" data-created_by=\"avia_inline_auto\" id=\"style-css-av-m98jc4x0-5f31fb2ab676bb8b2fbba68253f54b37\">\n#top .av_textblock_section.av-m98jc4x0-5f31fb2ab676bb8b2fbba68253f54b37 .avia_textblock{\ncolor:#ffffff;\n}\n<\/style>\n<section class='av_textblock_section av-m98jc4x0-5f31fb2ab676bb8b2fbba68253f54b37 ' itemscope=\"itemscope\" itemtype=\"https:\/\/schema.org\/CreativeWork\" ><div class='avia_textblock av_inherit_color' itemprop=\"text\" ><h3 style=\"text-align: center;\">Nous disposons d&rsquo;une longue exp\u00e9rience<\/h3>\n<h3 style=\"text-align: center;\">et d&rsquo;un vaste r\u00e9seau dans les domaines de la construction, de l&rsquo;industrie et du commerce.<\/h3>\n<\/div><\/section>\n<\/div><\/div><\/div><!-- close content main div --><\/div><\/div><div id='av_section_2' class='avia-section av-ku9hsd-f78cae2879b4d11232d78e649a6444c1 main_color avia-section-default avia-no-border-styling avia-builder-el-6 el_after_av_section avia-builder-el-last avia-bg-style-scroll container_wrap fullsize' ><div class='container av-section-cont-open' ><div class='template-page content av-content-full alpha units'><div class='post-entry post-entry-type-page post-entry-55596'><div class='entry-content-wrapper clearfix'>\n<div class=\"twobt rw\">\n <div class=\"twoba\">\n<style type=\"text\/css\" data-created_by=\"avia_inline_auto\" id=\"style-css-av-mmbqh9-a9ba2ab6e614bbfb82adb1fe82babffb\">\n.avia-image-container av-hover-grow.av-mmbqh9-a9ba2ab6e614bbfb82adb1fe82babffb img.avia_image{\nbox-shadow:none;\n}\n.avia-image-container av-hover-grow.av-mmbqh9-a9ba2ab6e614bbfb82adb1fe82babffb .av-image-caption-overlay-center{\ncolor:#ffffff;\n}\n<\/style>\n<div class='avia-image-container av-hover-grow av-mmbqh9-a9ba2ab6e614bbfb82adb1fe82babffb av-styling- avia-align-none avia-builder-el-7 avia-builder-el-no-sibling ' itemprop=\"image\" itemscope=\"itemscope\" itemtype=\"https:\/\/schema.org\/ImageObject\" ><div class=\"avia-image-container av-hover-grow-inner\"><div class=\"avia-image-overlay-wrap\"><a href=\"https:\/\/evojob.ch\/fr\/contact\/\" class='avia_image' ><img decoding=\"async\" fetchpriority=\"high\" class='wp-image-62896 avia-img-lazy-loading-not-62896 avia_image ' src=\"https:\/\/evojob.ch\/wp-content\/uploads\/2025\/04\/Martin-Zenklusen-Evojob-Personal.jpg\" alt='' title='Martin-Zenklusen-Evojob-Personal' height=\"954\" width=\"1430\" itemprop=\"thumbnailUrl\" srcset=\"https:\/\/evojob.ch\/wp-content\/uploads\/2025\/04\/Martin-Zenklusen-Evojob-Personal.jpg 1430w, https:\/\/evojob.ch\/wp-content\/uploads\/2025\/04\/Martin-Zenklusen-Evojob-Personal-300x200.jpg 300w, https:\/\/evojob.ch\/wp-content\/uploads\/2025\/04\/Martin-Zenklusen-Evojob-Personal-1030x687.jpg 1030w, https:\/\/evojob.ch\/wp-content\/uploads\/2025\/04\/Martin-Zenklusen-Evojob-Personal-768x512.jpg 768w, https:\/\/evojob.ch\/wp-content\/uploads\/2025\/04\/Martin-Zenklusen-Evojob-Personal-705x470.jpg 705w\" sizes=\"(max-width: 1430px) 100vw, 1430px\" \/><\/a><\/div><\/div><\/div><\/div>\n <div class=\"twobb\"><div style='padding: 50px;background-color: #e1e1e1;'class='avia_icon_element avia_textblock avia_textblock_style' data-update_element_template='yes'><p>Avec plus de 10 ans d'exp\u00e9rience dans le conseil en recrutement et la chasse de t\u00eates, nous combinons expertise et passion pour les personnes.<\/p>\n<p><strong>Ce qui nous distingue :<\/strong><\/p>\n<ul>\n<li>Longue exp\u00e9rience de direction dans diff\u00e9rents secteurs<\/li>\n<li>Une profonde compr\u00e9hension du march\u00e9 du travail et du paysage \u00e9ducatif<\/li>\n<li>Un r\u00e9seau solide pour des placements cibl\u00e9s<\/li>\n<li>Des solutions durables pour les entreprises et les candidats<\/li>\n<\/ul>\n<p>Gr\u00e2ce \u00e0 notre expertise, nous ne nous contentons pas de trouver des professionnels et des cadres adapt\u00e9s, mais nous cr\u00e9ons des liens \u00e0 long terme.<\/p>\n<div class='avia-button-wrap av-av_button-4c19305660541b6e2488b6d47821ca1f-wrap avia-button-center '>\n<style type=\"text\/css\" data-created_by=\"avia_inline_auto\" id=\"style-css-av-av_button-4c19305660541b6e2488b6d47821ca1f\">\n#top #wrap_all .avia-button.av-av_button-4c19305660541b6e2488b6d47821ca1f{\nfont-size:18px;\ntransition:all 0.4s ease-in-out;\n}\n<\/style>\n<a href='https:\/\/evojob.ch\/fr\/contact\/' class='avia-button av-av_button-4c19305660541b6e2488b6d47821ca1f av-link-btn avia-icon_select-no avia-size-large avia-position-center avia-color-theme-color' aria-label=\"Votre contact\"><span class='avia_iconbox_title' >Votre contact<\/span><\/a><\/div><\/div><\/div>\n <\/div>\n <script>\n function refbb() {\n jQuery(\".twobt\").each(function() {\n jQuery(this).css('min-height', '');\n jQuery(this).children(\".twobb\").children(\".avia_textblock\").css('min-height', '');\n var ha = jQuery(this).children(\".twoba\").height() - 20;\n jQuery(this).children(\".twobb\").children(\".avia_textblock\").css('min-height', ha + 'px');\n var hb = jQuery(this).children(\".twobb\").children(\".avia_textblock\").height() + 150;\n if (ha > hb) { hb = ha; }\n jQuery(this).css('min-height', hb + 'px');\n });\n }\n refbb();\n jQuery(window).resize(function() { refbb(); });\n <\/script>\n<\/p>\n","protected":false},"excerpt":{"rendered":"","protected":false},"author":6,"featured_media":59029,"parent":0,"menu_order":34,"comment_status":"closed","ping_status":"closed","template":"","meta":{"_acf_changed":false,"footnotes":""},"class_list":["post-55596","page","type-page","status-publish","has-post-thumbnail","hentry"],"acf":[],"_links":{"self":[{"href":"https:\/\/evojob.ch\/fr\/wp-json\/wp\/v2\/pages\/55596","targetHints":{"allow":["GET"]}}],"collection":[{"href":"https:\/\/evojob.ch\/fr\/wp-json\/wp\/v2\/pages"}],"about":[{"href":"https:\/\/evojob.ch\/fr\/wp-json\/wp\/v2\/types\/page"}],"author":[{"embeddable":true,"href":"https:\/\/evojob.ch\/fr\/wp-json\/wp\/v2\/users\/6"}],"replies":[{"embeddable":true,"href":"https:\/\/evojob.ch\/fr\/wp-json\/wp\/v2\/comments?post=55596"}],"version-history":[{"count":14,"href":"https:\/\/evojob.ch\/fr\/wp-json\/wp\/v2\/pages\/55596\/revisions"}],"predecessor-version":[{"id":63560,"href":"https:\/\/evojob.ch\/fr\/wp-json\/wp\/v2\/pages\/55596\/revisions\/63560"}],"wp:featuredmedia":[{"embeddable":true,"href":"https:\/\/evojob.ch\/fr\/wp-json\/wp\/v2\/media\/59029"}],"wp:attachment":[{"href":"https:\/\/evojob.ch\/fr\/wp-json\/wp\/v2\/media?parent=55596"}],"curies":[{"name":"wp","href":"https:\/\/api.w.org\/{rel}","templated":true}]}}