{"id":55593,"date":"2017-02-15T17:38:56","date_gmt":"2017-02-15T17:38:56","guid":{"rendered":"https:\/\/evojob.ch\/?page_id=55593"},"modified":"2025-08-04T06:59:13","modified_gmt":"2025-08-04T06:59:13","slug":"home-page","status":"publish","type":"page","link":"https:\/\/evojob.ch\/fr\/home-page\/","title":{"rendered":"Evojob"},"content":{"rendered":"<div id='full_slider_1' class='avia-fullwidth-slider main_color avia-shadow avia-builder-el-0 el_before_av_section avia-builder-el-first container_wrap fullsize' ><div class='avia-slideshow av-4c4fa7g-4666b7bcdb254a7749399baef6def553 avia-slideshow-featured av_slideshow_full avia-slide-slider av-slideshow-ui av-control-default av-slideshow-manual av-loop-once av-loop-manual-endless av-default-height-applied avia-slideshow-1' data-slideshow-options=\"{&quot;animation&quot;:&quot;slide&quot;,&quot;autoplay&quot;:false,&quot;loop_autoplay&quot;:&quot;once&quot;,&quot;interval&quot;:5,&quot;loop_manual&quot;:&quot;manual-endless&quot;,&quot;autoplay_stopper&quot;:false,&quot;noNavigation&quot;:false,&quot;bg_slider&quot;:false,&quot;keep_padding&quot;:false,&quot;hoverpause&quot;:false,&quot;show_slide_delay&quot;:0}\" itemprop=\"image\" itemscope=\"itemscope\" itemtype=\"https:\/\/schema.org\/ImageObject\" ><ul class='avia-slideshow-inner ' style='padding-bottom: 24.466666666667%;'><li class='avia-slideshow-slide av-4c4fa7g-4666b7bcdb254a7749399baef6def553__0 av-single-slide slide-1 slide-odd'><div data-rel='slideshow-1' class='avia-slide-wrap ' ><img decoding=\"async\" fetchpriority=\"high\" class=\"wp-image-56916 avia-img-lazy-loading-not-56916\" src=\"https:\/\/evojob.ch\/wp-content\/uploads\/2017\/02\/ueber_uns_1.jpg\" width=\"1500\" height=\"367\" title='ueber_uns_1' alt='' itemprop=\"thumbnailUrl\" style='min-height:350px; min-width:1431px; ' srcset=\"https:\/\/evojob.ch\/wp-content\/uploads\/2017\/02\/ueber_uns_1.jpg 1920w, https:\/\/evojob.ch\/wp-content\/uploads\/2017\/02\/ueber_uns_1-300x73.jpg 300w, https:\/\/evojob.ch\/wp-content\/uploads\/2017\/02\/ueber_uns_1-768x188.jpg 768w, https:\/\/evojob.ch\/wp-content\/uploads\/2017\/02\/ueber_uns_1-1024x251.jpg 1024w\" sizes=\"(max-width: 1500px) 100vw, 1500px\" \/><\/div><\/li><\/ul><\/div><\/div>\n\n<style type=\"text\/css\" data-created_by=\"avia_inline_auto\" id=\"style-css-av-4k0yc7g-647b9a3bdc78e09a5a5019ba364b8b2f\">\n.avia-section.av-4k0yc7g-647b9a3bdc78e09a5a5019ba364b8b2f{\nbackground-color:#74b94e;\nbackground-image:unset;\n}\n<\/style>\n<div id='av_section_1' class='avia-section av-4k0yc7g-647b9a3bdc78e09a5a5019ba364b8b2f main_color avia-section-small avia-no-border-styling avia-builder-el-1 el_after_av_slideshow_full el_before_av_heading usp avia-bg-style-scroll container_wrap fullsize' ><div class='container av-section-cont-open' ><div class='template-page content av-content-full alpha units'><div class='post-entry post-entry-type-page post-entry-55593'><div class='entry-content-wrapper clearfix'>\n<div class='flex_column av-44geq5o-15880c87ef3d5f07db5abc4f1478d474 av_one_fourth avia-builder-el-2 el_before_av_one_fourth avia-builder-el-first first flex_column_div ' ><style type=\"text\/css\" data-created_by=\"avia_inline_auto\" id=\"style-css-av-3ggp6vg-cacb6967809fff92be62cf5a6fc310d1\">\n.iconbox.av-3ggp6vg-cacb6967809fff92be62cf5a6fc310d1 .iconbox_icon{\ncolor:#ffffff;\n}\n.iconbox.av-3ggp6vg-cacb6967809fff92be62cf5a6fc310d1 .iconbox_icon.avia-svg-icon svg:first-child{\nfill:#ffffff;\nstroke:#ffffff;\n}\n#top #wrap_all .iconbox.av-3ggp6vg-cacb6967809fff92be62cf5a6fc310d1 .iconbox_content_title{\nfont-size:26px;\ncolor:#ffffff;\n}\n.iconbox.av-3ggp6vg-cacb6967809fff92be62cf5a6fc310d1 .iconbox_content_container{\ncolor:#ffffff;\n}\n<\/style>\n<article class='iconbox iconbox_left_content av-3ggp6vg-cacb6967809fff92be62cf5a6fc310d1 av-icon-style-no-border avia-builder-el-3 avia-builder-el-no-sibling ' itemscope=\"itemscope\" itemtype=\"https:\/\/schema.org\/CreativeWork\" ><div class='iconbox_icon heading-color avia-iconfont avia-font-flaticon_meine_icons-sammlung' data-av_icon='\uf11f' data-av_iconfont='flaticon_meine_icons-sammlung' ><\/div><div class=\"iconbox_content\"><header class=\"entry-content-header\" aria-label=\"Ic\u00f4ne : Longue exp\u00e9rience de direction\"><h3 class='iconbox_content_title ' itemprop=\"headline\" >Longue exp\u00e9rience de direction<\/h3><\/header><div class='iconbox_content_container av_inherit_color' itemprop=\"text\" ><\/div><\/div><footer class=\"entry-footer\"><\/footer><\/article><\/div><div class='flex_column av-2sxwd64-d2c3782bba0acc9fe2ba8ef5bca32fb3 av_one_fourth avia-builder-el-4 el_after_av_one_fourth el_before_av_one_fourth flex_column_div ' ><style type=\"text\/css\" data-created_by=\"avia_inline_auto\" id=\"style-css-av-2qtig98-0bfc2c7461061c577a610e9d603a5642\">\n.iconbox.av-2qtig98-0bfc2c7461061c577a610e9d603a5642 .iconbox_icon{\ncolor:#ffffff;\n}\n.iconbox.av-2qtig98-0bfc2c7461061c577a610e9d603a5642 .iconbox_icon.avia-svg-icon svg:first-child{\nfill:#ffffff;\nstroke:#ffffff;\n}\n#top #wrap_all .iconbox.av-2qtig98-0bfc2c7461061c577a610e9d603a5642 .iconbox_content_title{\nfont-size:26px;\ncolor:#ffffff;\n}\n.iconbox.av-2qtig98-0bfc2c7461061c577a610e9d603a5642 .iconbox_content_container{\ncolor:#ffffff;\n}\n<\/style>\n<article class='iconbox iconbox_left_content av-2qtig98-0bfc2c7461061c577a610e9d603a5642 av-icon-style-no-border avia-builder-el-5 avia-builder-el-no-sibling ' itemscope=\"itemscope\" itemtype=\"https:\/\/schema.org\/CreativeWork\" ><div class='iconbox_icon heading-color avia-iconfont avia-font-flaticon_meine_icons-sammlung' data-av_icon='\uf10f' data-av_iconfont='flaticon_meine_icons-sammlung' ><\/div><div class=\"iconbox_content\"><header class=\"entry-content-header\" aria-label=\"Ic\u00f4ne : Un r\u00e9seau solide\"><h3 class='iconbox_content_title ' itemprop=\"headline\" >Un r\u00e9seau solide<\/h3><\/header><div class='iconbox_content_container av_inherit_color' itemprop=\"text\" ><\/div><\/div><footer class=\"entry-footer\"><\/footer><\/article><\/div><div class='flex_column av-1ypjzcc-81af77f6c93bccbf9f95188be68e2c06 av_one_fourth avia-builder-el-6 el_after_av_one_fourth el_before_av_one_fourth nomobile flex_column_div ' ><style type=\"text\/css\" data-created_by=\"avia_inline_auto\" id=\"style-css-av-1h57hqk-737511e68e8b9ed50775a1cee1f79e4a\">\n.iconbox.av-1h57hqk-737511e68e8b9ed50775a1cee1f79e4a .iconbox_icon{\ncolor:#ffffff;\n}\n.iconbox.av-1h57hqk-737511e68e8b9ed50775a1cee1f79e4a .iconbox_icon.avia-svg-icon svg:first-child{\nfill:#ffffff;\nstroke:#ffffff;\n}\n#top #wrap_all .iconbox.av-1h57hqk-737511e68e8b9ed50775a1cee1f79e4a .iconbox_content_title{\nfont-size:26px;\ncolor:#ffffff;\n}\n.iconbox.av-1h57hqk-737511e68e8b9ed50775a1cee1f79e4a .iconbox_content_container{\ncolor:#ffffff;\n}\n<\/style>\n<article class='iconbox iconbox_left_content av-1h57hqk-737511e68e8b9ed50775a1cee1f79e4a av-icon-style-no-border avia-builder-el-7 avia-builder-el-no-sibling ' itemscope=\"itemscope\" itemtype=\"https:\/\/schema.org\/CreativeWork\" ><div class='iconbox_icon heading-color avia-iconfont avia-font-flaticon_meine_icons-sammlung' data-av_icon='\uf11a' data-av_iconfont='flaticon_meine_icons-sammlung' ><\/div><div class=\"iconbox_content\"><header class=\"entry-content-header\" aria-label=\"Ic\u00f4ne : Une compr\u00e9hension profonde\"><h3 class='iconbox_content_title ' itemprop=\"headline\" >Une compr\u00e9hension profonde<\/h3><\/header><div class='iconbox_content_container av_inherit_color' itemprop=\"text\" ><\/div><\/div><footer class=\"entry-footer\"><\/footer><\/article><\/div><div class='flex_column av-z4yqa4-c805e200913bf53dab039dcf709c73f6 av_one_fourth avia-builder-el-8 el_after_av_one_fourth avia-builder-el-last nomobilemargin nomobile flex_column_div ' ><style type=\"text\/css\" data-created_by=\"avia_inline_auto\" id=\"style-css-av-n8pmuk-ba4a77139dd2cd5d0a85faadccf7cd2e\">\n.iconbox.av-n8pmuk-ba4a77139dd2cd5d0a85faadccf7cd2e .iconbox_icon{\ncolor:#ffffff;\n}\n.iconbox.av-n8pmuk-ba4a77139dd2cd5d0a85faadccf7cd2e .iconbox_icon.avia-svg-icon svg:first-child{\nfill:#ffffff;\nstroke:#ffffff;\n}\n#top #wrap_all .iconbox.av-n8pmuk-ba4a77139dd2cd5d0a85faadccf7cd2e .iconbox_content_title{\nfont-size:26px;\ncolor:#ffffff;\n}\n.iconbox.av-n8pmuk-ba4a77139dd2cd5d0a85faadccf7cd2e .iconbox_content_container{\ncolor:#ffffff;\n}\n<\/style>\n<article class='iconbox iconbox_left_content av-n8pmuk-ba4a77139dd2cd5d0a85faadccf7cd2e av-icon-style-no-border avia-builder-el-9 avia-builder-el-no-sibling ' itemscope=\"itemscope\" itemtype=\"https:\/\/schema.org\/CreativeWork\" ><div class='iconbox_icon heading-color avia-iconfont avia-font-flaticon_meine_icons-sammlung' data-av_icon='\uf112' data-av_iconfont='flaticon_meine_icons-sammlung' ><\/div><div class=\"iconbox_content\"><header class=\"entry-content-header\" aria-label=\"Ic\u00f4ne : Solutions durables \"><h3 class='iconbox_content_title ' itemprop=\"headline\" >Solutions durables <\/h3><\/header><div class='iconbox_content_container av_inherit_color' itemprop=\"text\" ><\/div><\/div><footer class=\"entry-footer\"><\/footer><\/article><\/div>\n<\/div><\/div><\/div><!-- close content main div --><\/div><\/div><div id='after_section_1' class='main_color av_default_container_wrap container_wrap fullsize' ><div class='container av-section-cont-open' ><div class='template-page content av-content-full alpha units'><div class='post-entry post-entry-type-page post-entry-55593'><div class='entry-content-wrapper clearfix'>\n\n<style type=\"text\/css\" data-created_by=\"avia_inline_auto\" id=\"style-css-av-m85nnvoh-d134178826b82b303e352933cd2a6809\">\n#top .av-special-heading.av-m85nnvoh-d134178826b82b303e352933cd2a6809{\npadding-bottom:10px;\n}\nbody .av-special-heading.av-m85nnvoh-d134178826b82b303e352933cd2a6809 .av-special-heading-tag .heading-char{\nfont-size:25px;\n}\n.av-special-heading.av-m85nnvoh-d134178826b82b303e352933cd2a6809 .av-subheading{\nfont-size:24px;\n}\n<\/style>\n<div id='b69bad7e90e9a465d77c867d6853c152' class='av-special-heading av-m85nnvoh-d134178826b82b303e352933cd2a6809 av-special-heading-h1 blockquote modern-quote avia-builder-el-10 el_after_av_section el_before_av_hr avia-builder-el-first '><h1 class='av-special-heading-tag ' itemprop=\"headline\" >Conseil en ressources humaines et chasseurs de t\u00eates<\/h1><div class='av-subheading av-subheading_below'><p>Les bons talents pour votre succ\u00e8s<\/p>\n<\/div><div class=\"special-heading-border\"><div class=\"special-heading-inner-border\"><\/div><\/div><\/div>\n\n<style type=\"text\/css\" data-created_by=\"avia_inline_auto\" id=\"style-css-av-18ry5n0-2be43ea63450d302248e4de775cf2d64\">\n#top .hr.av-18ry5n0-2be43ea63450d302248e4de775cf2d64{\nmargin-top:10px;\nmargin-bottom:20px;\n}\n.hr.av-18ry5n0-2be43ea63450d302248e4de775cf2d64 .hr-inner{\nwidth:200px;\nborder-color:#74b94e;\n}\n<\/style>\n<div class='hr av-18ry5n0-2be43ea63450d302248e4de775cf2d64 hr-custom avia-builder-el-11 el_after_av_heading el_before_av_textblock hr-left hr-icon-no'><span class='hr-inner inner-border-av-border-fat'><span class=\"hr-inner-style\"><\/span><\/span><\/div>\n<section class='av_textblock_section av-3cq7dbg-65d3bb04768a6ebd24e0faf6d87899ae ' itemscope=\"itemscope\" itemtype=\"https:\/\/schema.org\/CreativeWork\" ><div class='avia_textblock' itemprop=\"text\" ><p>Dans le monde dynamique des affaires d&rsquo;aujourd&rsquo;hui, il est crucial de trouver non seulement des professionnels et des cadres qualifi\u00e9s, mais aussi parfaitement adapt\u00e9s. EVOJOB GmbH s&rsquo;est sp\u00e9cialis\u00e9e dans la recherche cibl\u00e9e de talents de haut niveau pour les entreprises. Nous aidons les professionnels \u00e0 d\u00e9velopper durablement leur carri\u00e8re.<\/p>\n<\/div><\/section>\n\n<style type=\"text\/css\" data-created_by=\"avia_inline_auto\" id=\"style-css-av-m8ybns7g-e1c09e30e9d42c4505ae7951cd469e94\">\n#top .av-special-heading.av-m8ybns7g-e1c09e30e9d42c4505ae7951cd469e94{\npadding-bottom:10px;\n}\nbody .av-special-heading.av-m8ybns7g-e1c09e30e9d42c4505ae7951cd469e94 .av-special-heading-tag .heading-char{\nfont-size:25px;\n}\n.av-special-heading.av-m8ybns7g-e1c09e30e9d42c4505ae7951cd469e94 .av-subheading{\nfont-size:24px;\n}\n<\/style>\n<div id='79caf9f2dd2b53984066835b7131fb38' class='av-special-heading av-m8ybns7g-e1c09e30e9d42c4505ae7951cd469e94 av-special-heading-h2 blockquote modern-quote avia-builder-el-13 el_after_av_textblock el_before_av_hr '><h2 class='av-special-heading-tag ' itemprop=\"headline\" >Jobs<\/h2><div class=\"special-heading-border\"><div class=\"special-heading-inner-border\"><\/div><\/div><\/div>\n\n<style type=\"text\/css\" data-created_by=\"avia_inline_auto\" id=\"style-css-av-m9qwiy2c-475a9e083a3b9b3ef46cc56a4694766f\">\n#top .hr.hr-invisible.av-m9qwiy2c-475a9e083a3b9b3ef46cc56a4694766f{\nheight:30px;\n}\n<\/style>\n<div class='hr av-m9qwiy2c-475a9e083a3b9b3ef46cc56a4694766f hr-invisible avia-builder-el-14 el_after_av_heading el_before_av_codeblock '><span class='hr-inner '><span class=\"hr-inner-style\"><\/span><\/span><\/div>\n\n<div class='avia-button-wrap av-m8ybj8zm-eb4e3954181e329767504d6ad9688db8-wrap avia-button-center avia-builder-el-16 el_after_av_codeblock el_before_av_hr '>\n<style type=\"text\/css\" data-created_by=\"avia_inline_auto\" id=\"style-css-av-m8ybj8zm-eb4e3954181e329767504d6ad9688db8\">\n#top #wrap_all .avia-button.av-m8ybj8zm-eb4e3954181e329767504d6ad9688db8{\nfont-size:18px;\ntransition:all 0.4s ease-in-out;\n}\n<\/style>\n<a href='https:\/\/evojob.ch\/jobs\/' class='avia-button av-m8ybj8zm-eb4e3954181e329767504d6ad9688db8 av-link-btn avia-icon_select-no avia-size-large avia-position-center avia-color-theme-color' aria-label=\"Vers tous les postes\"><span class='avia_iconbox_title' >Vers tous les postes<\/span><\/a><\/div>\n\n<style type=\"text\/css\" data-created_by=\"avia_inline_auto\" id=\"style-css-av-m8ybomeo-2c4ab4b1f8d441dd166af75806c2c8e9\">\n#top .hr.hr-invisible.av-m8ybomeo-2c4ab4b1f8d441dd166af75806c2c8e9{\nheight:50px;\n}\n<\/style>\n<div class='hr av-m8ybomeo-2c4ab4b1f8d441dd166af75806c2c8e9 hr-invisible avia-builder-el-17 el_after_av_button el_before_av_section avia-builder-el-last '><span class='hr-inner '><span class=\"hr-inner-style\"><\/span><\/span><\/div>\n<\/div><\/div><\/div><!-- close content main div --><\/div><\/div><div id='av_section_2' class='avia-section av-m8ygrtd3-0bc179fe24a4536fca0a27c4facb6d0f alternate_color avia-section-default avia-no-border-styling avia-builder-el-18 el_after_av_hr el_before_av_one_half avia-bg-style-scroll container_wrap fullsize' ><div class='container av-section-cont-open' ><div class='template-page content av-content-full alpha units'><div class='post-entry post-entry-type-page post-entry-55593'><div class='entry-content-wrapper clearfix'>\n\n<style type=\"text\/css\" data-created_by=\"avia_inline_auto\" id=\"style-css-av-2f2qjl8-8bc9e51ef83668acb776f3e194d95d63\">\n.flex_column.av-2f2qjl8-8bc9e51ef83668acb776f3e194d95d63{\nborder-radius:0px 0px 0px 0px;\npadding:0px 0px 0px 0px;\n}\n<\/style>\n<div class='flex_column av-2f2qjl8-8bc9e51ef83668acb776f3e194d95d63 av_one_full avia-builder-el-19 avia-builder-el-no-sibling first flex_column_div av-zero-column-padding ' ><section class='av_textblock_section av-m8ybhwcs-e57e8c18c9920e3c8e68004de11b6d88 ' itemscope=\"itemscope\" itemtype=\"https:\/\/schema.org\/CreativeWork\" ><div class='avia_textblock' itemprop=\"text\" ><h2>Pour les entreprises : Cibler les meilleurs talents<\/h2>\n<p>Chaque poste vacant est une opportunit\u00e9 de renforcer votre entreprise. Gr\u00e2ce \u00e0 notre longue exp\u00e9rience en mati\u00e8re de chasse de t\u00eates, nous identifions des candidats qui ne sont pas seulement convaincants sur le plan professionnel, mais qui correspondent \u00e9galement \u00e0 la culture de votre entreprise. Qu&rsquo;il s&rsquo;agisse d&rsquo;une approche directe, d&rsquo;un vivier de talents ou de l&rsquo;utilisation d&rsquo;une plateforme cibl\u00e9e, nous trouvons vos futurs prestataires.<\/p>\n<h2>Pour les professionnels et les cadres : d\u00e9couvrir de nouvelles opportunit\u00e9s de carri\u00e8re<\/h2>\n<p>Vous \u00eates un professionnel exp\u00e9riment\u00e9 ou un dirigeant \u00e0 la recherche d&rsquo;un nouveau d\u00e9fi ? Notre vivier de talents exclusif vous donne acc\u00e8s \u00e0 des postes passionnants dans diff\u00e9rents secteurs. Laissez-nous vous trouver, en toute discr\u00e9tion, avec professionnalisme et en mettant clairement l&rsquo;accent sur vos objectifs de carri\u00e8re.<\/p>\n<p>Avec EVOJOB GmbH, vous misez sur un partenaire qui allie connaissance du march\u00e9, r\u00e9seau personnel et m\u00e9thodes de recrutement modernes. Profitez de notre expertise &#8211; pour des recrutements durables et un succ\u00e8s \u00e0 long terme.<\/p>\n<\/div><\/section><\/div>\n<\/div><\/div><\/div><!-- close content main div --><\/div><\/div><div id='after_section_2' class='main_color av_default_container_wrap container_wrap fullsize' ><div class='container av-section-cont-open' ><div class='template-page content av-content-full alpha units'><div class='post-entry post-entry-type-page post-entry-55593'><div class='entry-content-wrapper clearfix'>\n\n<style type=\"text\/css\" data-created_by=\"avia_inline_auto\" id=\"style-css-av-1376sgc-6ce70c28adf336af31ce63cec8a194ac\">\n.flex_column.av-1376sgc-6ce70c28adf336af31ce63cec8a194ac{\nborder-radius:0px 0px 0px 0px;\npadding:0px 0px 0px 0px;\n}\n<\/style>\n<div class='flex_column av-1376sgc-6ce70c28adf336af31ce63cec8a194ac av_one_half avia-builder-el-21 el_after_av_section el_before_av_one_half avia-builder-el-first first flex_column_div av-zero-column-padding ' ><section class='av_textblock_section av-m9qwumon-ecf8516edfbad9a38eef6206f9d0f936 ' itemscope=\"itemscope\" itemtype=\"https:\/\/schema.org\/CreativeWork\" ><div class='avia_textblock' itemprop=\"text\" ><h2>Nous relions<\/h2>\n<p>Nous mettons en relation les employeurs avec les cadres et les sp\u00e9cialistes ad\u00e9quats de toute la Suisse. En tant que chasseurs de t\u00eates sp\u00e9cialis\u00e9s, nous nous appuyons sur l&rsquo;approche directe, notre propre vivier de talents et des annonces en ligne cibl\u00e9es.<\/p>\n<p>Notre objectif : pourvoir des postes avec succ\u00e8s, de mani\u00e8re durable et \u00e0 long terme &#8211; au b\u00e9n\u00e9fice des entreprises et des candidats.<\/p>\n<\/div><\/section><\/div>\n\n<style type=\"text\/css\" data-created_by=\"avia_inline_auto\" id=\"style-css-av-11yculo-13d18adbb5a0e701103aae2bda5c2ae6\">\n.flex_column.av-11yculo-13d18adbb5a0e701103aae2bda5c2ae6{\nborder-radius:0px 0px 0px 0px;\npadding:0px 0px 0px 0px;\n}\n<\/style>\n<div class='flex_column av-11yculo-13d18adbb5a0e701103aae2bda5c2ae6 av_one_half avia-builder-el-23 el_after_av_one_half el_before_av_section avia-builder-el-last flex_column_div av-zero-column-padding ' ><style type=\"text\/css\" data-created_by=\"avia_inline_auto\" id=\"style-css-av-sdkq6k-f8803dc2b7fcbaa299e2b570a5464301\">\n.avia-image-container.av-sdkq6k-f8803dc2b7fcbaa299e2b570a5464301 img.avia_image{\nbox-shadow:none;\n}\n.avia-image-container.av-sdkq6k-f8803dc2b7fcbaa299e2b570a5464301 .av-image-caption-overlay-center{\ncolor:#ffffff;\n}\n<\/style>\n<div class='avia-image-container av-sdkq6k-f8803dc2b7fcbaa299e2b570a5464301 av-styling- avia-align-center avia-builder-el-24 avia-builder-el-no-sibling ' itemprop=\"image\" itemscope=\"itemscope\" itemtype=\"https:\/\/schema.org\/ImageObject\" ><div class=\"avia-image-container-inner\"><div class=\"avia-image-overlay-wrap\"><img decoding=\"async\" fetchpriority=\"high\" class='wp-image-60556 avia-img-lazy-loading-not-60556 avia_image ' src=\"https:\/\/evojob.ch\/wp-content\/uploads\/2022\/08\/Martin-Zenklusen-Evojob-motivation-1024x623.jpg\" alt='' title='Martin-Zenklusen-Evojob-motivation' height=\"623\" width=\"1024\" itemprop=\"thumbnailUrl\" srcset=\"https:\/\/evojob.ch\/wp-content\/uploads\/2022\/08\/Martin-Zenklusen-Evojob-motivation-1024x623.jpg 1024w, https:\/\/evojob.ch\/wp-content\/uploads\/2022\/08\/Martin-Zenklusen-Evojob-motivation-300x183.jpg 300w, https:\/\/evojob.ch\/wp-content\/uploads\/2022\/08\/Martin-Zenklusen-Evojob-motivation-768x467.jpg 768w, https:\/\/evojob.ch\/wp-content\/uploads\/2022\/08\/Martin-Zenklusen-Evojob-motivation-1536x934.jpg 1536w, https:\/\/evojob.ch\/wp-content\/uploads\/2022\/08\/Martin-Zenklusen-Evojob-motivation.jpg 1800w\" sizes=\"(max-width: 1024px) 100vw, 1024px\" \/><\/div><\/div><\/div><\/div>\n<\/div><\/div><\/div><!-- close content main div --><\/div><\/div>\n<style type=\"text\/css\" data-created_by=\"avia_inline_auto\" id=\"style-css-av-m85nz6b7-60d24dd34147d0ade6f026d801f09727\">\n.avia-section.av-m85nz6b7-60d24dd34147d0ade6f026d801f09727{\nbackground-color:#74b94e;\nbackground-image:unset;\n}\n<\/style>\n<div id='av_section_3' class='avia-section av-m85nz6b7-60d24dd34147d0ade6f026d801f09727 main_color avia-section-small avia-no-border-styling avia-builder-el-25 el_after_av_one_half el_before_av_imagetext avia-bg-style-scroll container_wrap fullsize' ><div class='container av-section-cont-open' ><div class='template-page content av-content-full alpha units'><div class='post-entry post-entry-type-page post-entry-55593'><div class='entry-content-wrapper clearfix'>\n\n<style type=\"text\/css\" data-created_by=\"avia_inline_auto\" id=\"style-css-av-m85nmdq7-d63764dafaac77f079beb4f5f684e4f3\">\n#top .av_textblock_section.av-m85nmdq7-d63764dafaac77f079beb4f5f684e4f3 .avia_textblock{\ncolor:#ffffff;\n}\n<\/style>\n<section class='av_textblock_section av-m85nmdq7-d63764dafaac77f079beb4f5f684e4f3 ' itemscope=\"itemscope\" itemtype=\"https:\/\/schema.org\/CreativeWork\" ><div class='avia_textblock av_inherit_color' itemprop=\"text\" ><h3 style=\"text-align: center;\">Nous faisons confiance, vivons des valeurs et connectons les gens <strong>&#8230;<\/strong><\/h3>\n<\/div><\/section>\n<\/div><\/div><\/div><!-- close content main div --><\/div><\/div><div id='after_section_3' class='main_color av_default_container_wrap container_wrap fullsize' ><div class='container av-section-cont-open' ><div class='template-page content av-content-full alpha units'><div class='post-entry post-entry-type-page post-entry-55593'><div class='entry-content-wrapper clearfix'>\n<div class=\"twobt rw\">\n <div class=\"twoba\">\n<style type=\"text\/css\" data-created_by=\"avia_inline_auto\" id=\"style-css-av-m8y8gog1-04449e1c4e6dd1221aea87305870d878\">\n.avia-image-container av-hover-grow.av-m8y8gog1-04449e1c4e6dd1221aea87305870d878 img.avia_image{\nbox-shadow:none;\n}\n.avia-image-container av-hover-grow.av-m8y8gog1-04449e1c4e6dd1221aea87305870d878 .av-image-caption-overlay-center{\ncolor:#ffffff;\n}\n<\/style>\n<div class='avia-image-container av-hover-grow av-m8y8gog1-04449e1c4e6dd1221aea87305870d878 av-styling- avia-align-none avia-builder-el-27 el_after_av_section avia-builder-el-no-sibling ' itemprop=\"image\" itemscope=\"itemscope\" itemtype=\"https:\/\/schema.org\/ImageObject\" ><div class=\"avia-image-container av-hover-grow-inner\"><div class=\"avia-image-overlay-wrap\"><a href=\"tel:+41794303745\" class='avia_image' ><img decoding=\"async\" fetchpriority=\"high\" class='wp-image-62896 avia-img-lazy-loading-not-62896 avia_image ' src=\"https:\/\/evojob.ch\/wp-content\/uploads\/2025\/04\/Martin-Zenklusen-Evojob-Personal.jpg\" alt='' title='Martin-Zenklusen-Evojob-Personal' height=\"954\" width=\"1430\" itemprop=\"thumbnailUrl\" srcset=\"https:\/\/evojob.ch\/wp-content\/uploads\/2025\/04\/Martin-Zenklusen-Evojob-Personal.jpg 1430w, https:\/\/evojob.ch\/wp-content\/uploads\/2025\/04\/Martin-Zenklusen-Evojob-Personal-300x200.jpg 300w, https:\/\/evojob.ch\/wp-content\/uploads\/2025\/04\/Martin-Zenklusen-Evojob-Personal-1030x687.jpg 1030w, https:\/\/evojob.ch\/wp-content\/uploads\/2025\/04\/Martin-Zenklusen-Evojob-Personal-768x512.jpg 768w, https:\/\/evojob.ch\/wp-content\/uploads\/2025\/04\/Martin-Zenklusen-Evojob-Personal-705x470.jpg 705w\" sizes=\"(max-width: 1430px) 100vw, 1430px\" \/><\/a><\/div><\/div><\/div><\/div>\n <div class=\"twobb\"><div style='padding: 50px;background-color: #e1e1e1;'class='avia_icon_element avia_textblock avia_textblock_style' data-update_element_template='yes'><p>\nAvec plus de 10 ans d'exp\u00e9rience dans le conseil en recrutement et la chasse de t\u00eates, nous combinons expertise et passion pour les personnes.<\/p>\n<p><strong>Ce qui nous distingue :<\/strong><\/p>\n<ul>\n<li>Longue exp\u00e9rience de direction dans diff\u00e9rents secteurs<\/li>\n<li>Une profonde compr\u00e9hension du march\u00e9 du travail et du paysage \u00e9ducatif<\/li>\n<li>Un r\u00e9seau solide pour des placements cibl\u00e9s<\/li>\n<li>Des solutions durables pour les entreprises et les candidats<\/li>\n<\/ul>\n<p>Gr\u00e2ce \u00e0 notre expertise, nous ne nous contentons pas de trouver des professionnels et des cadres adapt\u00e9s, mais nous cr\u00e9ons des liens \u00e0 long terme.<\/p>\n<div class='avia-button-wrap av-av_button-c61884a29de72b131171450ef7505dd2-wrap avia-button-center '>\n<style type=\"text\/css\" data-created_by=\"avia_inline_auto\" id=\"style-css-av-av_button-c61884a29de72b131171450ef7505dd2\">\n#top #wrap_all .avia-button.av-av_button-c61884a29de72b131171450ef7505dd2{\nfont-size:18px;\ntransition:all 0.4s ease-in-out;\n}\n<\/style>\n<a href='tel:+41794303745' class='avia-button av-av_button-c61884a29de72b131171450ef7505dd2 av-link-btn avia-icon_select-no avia-size-large avia-position-center avia-color-theme-color' aria-label=\"Appelez-nous d\u00e8s maintenant +41 79 430 37 45\"><span class='avia_iconbox_title' >Appelez-nous d\u00e8s maintenant +41 79 430 37 45<\/span><\/a><\/div><\/div><\/div>\n <\/div>\n <script>\n function refbb() {\n jQuery(\".twobt\").each(function() {\n jQuery(this).css('min-height', '');\n jQuery(this).children(\".twobb\").children(\".avia_textblock\").css('min-height', '');\n var ha = jQuery(this).children(\".twoba\").height() - 20;\n jQuery(this).children(\".twobb\").children(\".avia_textblock\").css('min-height', ha + 'px');\n var hb = jQuery(this).children(\".twobb\").children(\".avia_textblock\").height() + 150;\n if (ha > hb) { hb = ha; }\n jQuery(this).css('min-height', hb + 'px');\n });\n }\n refbb();\n jQuery(window).resize(function() { refbb(); });\n <\/script>\n","protected":false},"excerpt":{"rendered":"","protected":false},"author":6,"featured_media":59029,"parent":0,"menu_order":32,"comment_status":"closed","ping_status":"closed","template":"","meta":{"_acf_changed":false,"footnotes":""},"class_list":["post-55593","page","type-page","status-publish","has-post-thumbnail","hentry"],"acf":[],"_links":{"self":[{"href":"https:\/\/evojob.ch\/fr\/wp-json\/wp\/v2\/pages\/55593","targetHints":{"allow":["GET"]}}],"collection":[{"href":"https:\/\/evojob.ch\/fr\/wp-json\/wp\/v2\/pages"}],"about":[{"href":"https:\/\/evojob.ch\/fr\/wp-json\/wp\/v2\/types\/page"}],"author":[{"embeddable":true,"href":"https:\/\/evojob.ch\/fr\/wp-json\/wp\/v2\/users\/6"}],"replies":[{"embeddable":true,"href":"https:\/\/evojob.ch\/fr\/wp-json\/wp\/v2\/comments?post=55593"}],"version-history":[{"count":29,"href":"https:\/\/evojob.ch\/fr\/wp-json\/wp\/v2\/pages\/55593\/revisions"}],"predecessor-version":[{"id":63528,"href":"https:\/\/evojob.ch\/fr\/wp-json\/wp\/v2\/pages\/55593\/revisions\/63528"}],"wp:featuredmedia":[{"embeddable":true,"href":"https:\/\/evojob.ch\/fr\/wp-json\/wp\/v2\/media\/59029"}],"wp:attachment":[{"href":"https:\/\/evojob.ch\/fr\/wp-json\/wp\/v2\/media?parent=55593"}],"curies":[{"name":"wp","href":"https:\/\/api.w.org\/{rel}","templated":true}]}}